{"id":4424,"date":"2018-12-10T10:52:22","date_gmt":"2018-12-10T10:52:22","guid":{"rendered":"https:\/\/xocomon.com\/?page_id=4424"},"modified":"2019-03-12T21:50:16","modified_gmt":"2019-03-12T21:50:16","slug":"politica-de-cookies","status":"publish","type":"page","link":"https:\/\/xocomon.com\/es\/politica-de-cookies\/","title":{"rendered":"Pol\u00edtica de Cookies"},"content":{"rendered":"\n<h1>Pol\u00edtica de Cookies<\/h1>\n<p><span style=\"font-weight: 400;\">En el transcurso de sus visitas a la <\/span><i><span style=\"font-weight: 400;\">web<\/span><\/i><span style=\"font-weight: 400;\"> de Xocomon, las <\/span><i><span style=\"font-weight: 400;\">cookies<\/span><\/i><span style=\"font-weight: 400;\"> graban ciertas informaciones que son almacenadas en la memoria del disco duro. Estas informaciones son \u00fatiles para guardar su cesta de la compra y tambi\u00e9n para generar estad\u00edsticas de compra de la <\/span><i><span style=\"font-weight: 400;\">web<\/span><\/i><span style=\"font-weight: 400;\"> de xocomon . Estas <\/span><i><span style=\"font-weight: 400;\">cookies<\/span><\/i><span style=\"font-weight: 400;\"> no contienen informaci\u00f3n confidencial que le afecte. Puede desactivar las <\/span><i><span style=\"font-weight: 400;\">cookies<\/span><\/i><span style=\"font-weight: 400;\"> en los par\u00e1metros de su navegador. Le aconsejamos, sin embargo, que las autorice, para poder disfrutar de la totalidad de las funcionalidades de la <\/span><i><span style=\"font-weight: 400;\">web<\/span><\/i><span style=\"font-weight: 400;\"> de Xocomon.<\/span><\/p>\n<p><span style=\"font-weight: 400;\">XOCOMON informa que este sitio web utiliza cookies propias y de terceros para mejorar nuestros servicios y mostrar publicidad relacionada con sus preferencias mediante el an\u00e1lisis de su navegaci\u00f3n.<\/span><\/p>\n<p><strong>\u00bfQu\u00e9 son las cookies?<\/strong><\/p>\n<p><span style=\"font-weight: 400;\">Una cookie es un archivo que se descarga en su ordenador al entrar a determinadas p\u00e1ginas web. Las cookies almacenan y recuperan informaci\u00f3n sobre los h\u00e1bitos de navegaci\u00f3n de un usuario o de su equipo y, seg\u00fan c\u00f3mo se utiliza el equipo, pueden utilizarse para reconocer al usuario.<\/span><\/p>\n<p><strong>\u00bfQu\u00e9 tipos de cookies utiliza esta p\u00e1gina web?<\/strong><\/p>\n<p><span style=\"font-weight: 400;\">Cookies de an\u00e1lisis: Son las que tratadas por nosotros o por terceros, nos cuantifican el n\u00famero de usuarios que visitan nuestra web y permiten realizar el an\u00e1lisis estad\u00edstico de su navegaci\u00f3n con el fin de mejorar la oferta de productos o servicios que ofrecemos.<\/span><\/p>\n<p><span style=\"font-weight: 400;\">La aplicaci\u00f3n que utilizamos para obtener y analizar la informaci\u00f3n de la navegaci\u00f3n es Google Analytics: www.google.com\/analytics\/ y http:\/\/www.google.es\/intl\/es\/analytics\/privacyoverview.html<\/span><\/p>\n<p><span style=\"font-weight: 400;\">Esta aplicaci\u00f3n ha sido desarrollada por Google, y nos permite medir las estad\u00edsticas de nuestro sitio web. Esta empresa puede utilizar sus datos para mejorar sus propios servicios y ofrecer servicios a otras empresas. Puedes conocer su pol\u00edtica desde los enlaces indicados.<\/span><\/p>\n<p><span style=\"font-weight: 400;\">Esta herramienta no obtiene datos de los nombres o apellidos, ni la direcci\u00f3n postal desde donde se conectan. La informaci\u00f3n est\u00e1 relacionada con el n\u00famero de p\u00e1ginas visitadas, el idioma, red social en la que se publican nuestras noticias, la ciudad donde est\u00e1 asignada la direcci\u00f3n IP, el n\u00famero de usuarios que nos visitan, la frecuencia y reincidencia de los usuarios, operador, o tipo de terminal desde donde se realiza la visita.<\/span><\/p>\n<p><span style=\"font-weight: 400;\">Usted puede permitir, bloquear o eliminar las cookies en su equipo<\/span><\/p>\n<p><span style=\"font-weight: 400;\">Las cookies instaladas en su equipo se pueden bloquear o eliminar mediante una configuraci\u00f3n de las opciones de su navegador. Utilice el enlace indicado seg\u00fan el navegador que utilice:<\/span><\/p>\n<ul>\n<li><span style=\"font-weight: 400;\"><strong>Firefox<\/strong>: http:\/\/support.mozilla.org\/es\/products\/firefox\/cookies<\/span><\/li>\n<li><span style=\"font-weight: 400;\"><strong>Chrome<\/strong>: http:\/\/support.google.com\/chrome\/bin\/answer.py?hl=es&amp;answer=95647<\/span><\/li>\n<li><span style=\"font-weight: 400;\"><strong>Explorer<\/strong>: http:\/\/windows.microsoft.com\/es-es\/windows7\/how-to-manage-cookies-in-internet-explorer-9<\/span><\/li>\n<li><span style=\"font-weight: 400;\"><strong>Safari<\/strong>: http:\/\/support.apple.com\/kb\/ph5042<\/span><\/li>\n<li><span style=\"font-weight: 400;\"><strong>Opera<\/strong>: http:\/\/help.opera.com\/Windows\/11.50\/es-ES\/cookies.html<\/span><\/li>\n<\/ul>\n\n","protected":false},"excerpt":{"rendered":"<p>Pol\u00edtica de Cookies En el transcurso de sus visitas a la web de Xocomon, las cookies graban ciertas informaciones que son almacenadas en la memoria del disco duro. Estas informaciones son \u00fatiles para guardar su cesta de la compra y tambi\u00e9n para generar estad\u00edsticas de compra de la web de xocomon . Estas cookies no [&#8230;]\n","protected":false},"author":736,"featured_media":0,"parent":0,"menu_order":0,"comment_status":"closed","ping_status":"closed","template":"","meta":{"footnotes":""},"class_list":["post-4424","page","type-page","status-publish","hentry"],"yoast_head":"<!-- This site is optimized with the Yoast SEO plugin v26.7 - https:\/\/yoast.com\/wordpress\/plugins\/seo\/ -->\n<title>Pol\u00edtica de Cookies - Xocomon<\/title>\n<meta name=\"robots\" content=\"index, follow, max-snippet:-1, max-image-preview:large, max-video-preview:-1\" \/>\n<link rel=\"canonical\" href=\"https:\/\/xocomon.com\/es\/politica-de-cookies\/\" \/>\n<meta property=\"og:locale\" content=\"es_ES\" \/>\n<meta property=\"og:type\" content=\"article\" \/>\n<meta property=\"og:title\" content=\"Pol\u00edtica de Cookies - Xocomon\" \/>\n<meta property=\"og:description\" content=\"Pol\u00edtica de Cookies En el transcurso de sus visitas a la web de Xocomon, las cookies graban ciertas informaciones que son almacenadas en la memoria del disco duro. Estas informaciones son \u00fatiles para guardar su cesta de la compra y tambi\u00e9n para generar estad\u00edsticas de compra de la web de xocomon . Estas cookies no [...]\" \/>\n<meta property=\"og:url\" content=\"https:\/\/xocomon.com\/es\/politica-de-cookies\/\" \/>\n<meta property=\"og:site_name\" content=\"Xocomon\" \/>\n<meta property=\"article:publisher\" content=\"https:\/\/www.facebook.com\/xocomon\/\" \/>\n<meta property=\"article:modified_time\" content=\"2019-03-12T21:50:16+00:00\" \/>\n<meta name=\"twitter:card\" content=\"summary_large_image\" \/>\n<meta name=\"twitter:label1\" content=\"Tiempo de lectura\" \/>\n\t<meta name=\"twitter:data1\" content=\"2 minutos\" \/>\n<script type=\"application\/ld+json\" class=\"yoast-schema-graph\">{\"@context\":\"https:\/\/schema.org\",\"@graph\":[{\"@type\":\"WebPage\",\"@id\":\"https:\/\/xocomon.com\/es\/politica-de-cookies\/\",\"url\":\"https:\/\/xocomon.com\/es\/politica-de-cookies\/\",\"name\":\"Pol\u00edtica de Cookies - Xocomon\",\"isPartOf\":{\"@id\":\"https:\/\/xocomon.com\/#website\"},\"datePublished\":\"2018-12-10T10:52:22+00:00\",\"dateModified\":\"2019-03-12T21:50:16+00:00\",\"breadcrumb\":{\"@id\":\"https:\/\/xocomon.com\/es\/politica-de-cookies\/#breadcrumb\"},\"inLanguage\":\"es\",\"potentialAction\":[{\"@type\":\"ReadAction\",\"target\":[\"https:\/\/xocomon.com\/es\/politica-de-cookies\/\"]}]},{\"@type\":\"BreadcrumbList\",\"@id\":\"https:\/\/xocomon.com\/es\/politica-de-cookies\/#breadcrumb\",\"itemListElement\":[{\"@type\":\"ListItem\",\"position\":1,\"name\":\"Portada\",\"item\":\"https:\/\/xocomon.com\/es\/\"},{\"@type\":\"ListItem\",\"position\":2,\"name\":\"Pol\u00edtica de Cookies\"}]},{\"@type\":\"WebSite\",\"@id\":\"https:\/\/xocomon.com\/#website\",\"url\":\"https:\/\/xocomon.com\/\",\"name\":\"Xocomon\",\"description\":\"\",\"potentialAction\":[{\"@type\":\"SearchAction\",\"target\":{\"@type\":\"EntryPoint\",\"urlTemplate\":\"https:\/\/xocomon.com\/?s={search_term_string}\"},\"query-input\":{\"@type\":\"PropertyValueSpecification\",\"valueRequired\":true,\"valueName\":\"search_term_string\"}}],\"inLanguage\":\"es\"}]}<\/script>\n<!-- \/ Yoast SEO plugin. -->","yoast_head_json":{"title":"Pol\u00edtica de Cookies - Xocomon","robots":{"index":"index","follow":"follow","max-snippet":"max-snippet:-1","max-image-preview":"max-image-preview:large","max-video-preview":"max-video-preview:-1"},"canonical":"https:\/\/xocomon.com\/es\/politica-de-cookies\/","og_locale":"es_ES","og_type":"article","og_title":"Pol\u00edtica de Cookies - Xocomon","og_description":"Pol\u00edtica de Cookies En el transcurso de sus visitas a la web de Xocomon, las cookies graban ciertas informaciones que son almacenadas en la memoria del disco duro. Estas informaciones son \u00fatiles para guardar su cesta de la compra y tambi\u00e9n para generar estad\u00edsticas de compra de la web de xocomon . Estas cookies no [...]","og_url":"https:\/\/xocomon.com\/es\/politica-de-cookies\/","og_site_name":"Xocomon","article_publisher":"https:\/\/www.facebook.com\/xocomon\/","article_modified_time":"2019-03-12T21:50:16+00:00","twitter_card":"summary_large_image","twitter_misc":{"Tiempo de lectura":"2 minutos"},"schema":{"@context":"https:\/\/schema.org","@graph":[{"@type":"WebPage","@id":"https:\/\/xocomon.com\/es\/politica-de-cookies\/","url":"https:\/\/xocomon.com\/es\/politica-de-cookies\/","name":"Pol\u00edtica de Cookies - Xocomon","isPartOf":{"@id":"https:\/\/xocomon.com\/#website"},"datePublished":"2018-12-10T10:52:22+00:00","dateModified":"2019-03-12T21:50:16+00:00","breadcrumb":{"@id":"https:\/\/xocomon.com\/es\/politica-de-cookies\/#breadcrumb"},"inLanguage":"es","potentialAction":[{"@type":"ReadAction","target":["https:\/\/xocomon.com\/es\/politica-de-cookies\/"]}]},{"@type":"BreadcrumbList","@id":"https:\/\/xocomon.com\/es\/politica-de-cookies\/#breadcrumb","itemListElement":[{"@type":"ListItem","position":1,"name":"Portada","item":"https:\/\/xocomon.com\/es\/"},{"@type":"ListItem","position":2,"name":"Pol\u00edtica de Cookies"}]},{"@type":"WebSite","@id":"https:\/\/xocomon.com\/#website","url":"https:\/\/xocomon.com\/","name":"Xocomon","description":"","potentialAction":[{"@type":"SearchAction","target":{"@type":"EntryPoint","urlTemplate":"https:\/\/xocomon.com\/?s={search_term_string}"},"query-input":{"@type":"PropertyValueSpecification","valueRequired":true,"valueName":"search_term_string"}}],"inLanguage":"es"}]}},"_links":{"self":[{"href":"https:\/\/xocomon.com\/es\/wp-json\/wp\/v2\/pages\/4424","targetHints":{"allow":["GET"]}}],"collection":[{"href":"https:\/\/xocomon.com\/es\/wp-json\/wp\/v2\/pages"}],"about":[{"href":"https:\/\/xocomon.com\/es\/wp-json\/wp\/v2\/types\/page"}],"author":[{"embeddable":true,"href":"https:\/\/xocomon.com\/es\/wp-json\/wp\/v2\/users\/736"}],"replies":[{"embeddable":true,"href":"https:\/\/xocomon.com\/es\/wp-json\/wp\/v2\/comments?post=4424"}],"version-history":[{"count":9,"href":"https:\/\/xocomon.com\/es\/wp-json\/wp\/v2\/pages\/4424\/revisions"}],"predecessor-version":[{"id":6328,"href":"https:\/\/xocomon.com\/es\/wp-json\/wp\/v2\/pages\/4424\/revisions\/6328"}],"wp:attachment":[{"href":"https:\/\/xocomon.com\/es\/wp-json\/wp\/v2\/media?parent=4424"}],"curies":[{"name":"wp","href":"https:\/\/api.w.org\/{rel}","templated":true}]}}