{"id":17613,"date":"2023-05-29T14:27:01","date_gmt":"2023-05-29T13:27:01","guid":{"rendered":"https:\/\/xocomon.com\/calidad\/"},"modified":"2024-02-28T14:34:19","modified_gmt":"2024-02-28T13:34:19","slug":"calidad","status":"publish","type":"page","link":"https:\/\/xocomon.com\/es\/calidad\/","title":{"rendered":"Calidad"},"content":{"rendered":"\n\n\t<section class=\"section\" id=\"section_1485838002\">\n\t\t<div class=\"section-bg fill\" >\n\t\t\t\t\t\t\t\t\t\n\t\t\t\n\n\t\t<\/div>\n\n\t\t\n\n\t\t<div class=\"section-content relative\">\n\t\t\t\n\n<div class=\"row\"  id=\"row-1385015134\">\n\n\n\t<div id=\"col-1724398006\" class=\"col small-12 large-12\"  >\n\t\t\t\t<div class=\"col-inner\"  >\n\t\t\t\n\t\t\t\n\n<h1><span style=\"font-weight: 400;\">Compromiso Xocomon<\/span><\/h1>\n<p><span style=\"font-weight: 400;\">Nuestro compromiso con la calidad va m\u00e1s all\u00e1 de hacer bien las cosas, nosotros somos al\u00e9rgicos y para nosotros la calidad y la seguridad alimentaria son nuestra raz\u00f3n de ser.<\/span><\/p>\n<p><span style=\"font-weight: 400;\">Nacimos dejando atr\u00e1s el mundo de la consultor\u00eda y la auditoria de calidad, medioambiente y seguridad industrial, antes de empezar la locura de XOCOMON ayud\u00e1bamos a las empresas a ser cada d\u00eda mejores y m\u00e1s responsables. Eduard sigue siendo auditor de certificaci\u00f3n.<\/span><\/p>\n<p><span style=\"font-weight: 400;\">Es l\u00f3gico pensar que al montar la empresa tengamos en cuenta la calidad y la seguridad de nuestros productos, pero adem\u00e1s estamos <\/span><b>comprometidos con todos vosotros, los al\u00e9rgicos y sus familias<\/b><span style=\"font-weight: 400;\">, y porque estamos convencidos que nuestro es mas que un alimento, es un respiro de felicidad con la tranquilidad de que Xocomon sabemos lo que hacemos. <\/span><\/p>\n<p><strong><span style=\"color: #00b899;\">Los 3 pilares de Xocomon \u00a0<\/span><\/strong><\/p>\n<ol>\n<li style=\"font-weight: 400;\" aria-level=\"1\"><b>Alta calidad de nuestros productos, <\/b><span style=\"font-weight: 400;\">somos al\u00e9rgicos, pero \u00a1no queremos comer cualquier cosa! <\/span>Somos <b style=\"color: #555555; font-size: 14.4px;\">chocolovers<\/b><span style=\"font-weight: 400;\"> as\u00ed que queremos lo mejor.\u00a0 Usamos el mejor chocolate del mercado y siempre siguiendo nuestros estrictos est\u00e1ndares de calidad en alergenos. <\/span>El chocolate negro y el chocolate con chufa son DAIRY FREE. Todos nuestros chocolates vienen certificados mediante una declaraci\u00f3n de alergenos de nuestro proveedor y hacemos an\u00e1lisis aleatoriamente seg\u00fan nuestro plan de control de anal\u00edticas.<\/li>\n<li style=\"font-weight: 400;\" aria-level=\"1\"><b>Chocolate sostenible <\/b><span style=\"font-weight: 400;\">Tiene procedencia sostenible y responsable. Cocoa horizons fundation reinvierte una parte en el cultivo sostenible del cacao a trav\u00e9s de la fundaci\u00f3n Cocoa Horizons. Esta organizaci\u00f3n sin \u00e1nimo de lucro supervisa las necesidades m\u00e1s urgentes de \u00c1frica occidental y coordina los proyectos sostenibles a los que todos contribuimos. <\/span>Ayuda a la comunidad y a las familias a mejorar su d\u00eda a d\u00eda.<\/li>\n<li aria-level=\"1\"><b>Seguridad, ante todo. <\/b><span style=\"font-weight: 400;\">Nuestro chocolate debe cumplir con todas las garant\u00edas alimentarias y es para ello que definimos los siguientes puntos de trabajo.<\/span><\/li>\n<\/ol>\n<p><b>Conocer muy bien todos nuestros ingredientes: <\/b><span style=\"font-weight: 400;\">somos lectores de etiquetas as\u00ed que conocemos la procedencia de todos nuestros ingredientes y revisamos constantemente nuestros proveedores-partners.\u00a0<\/span><\/p>\n<p><span style=\"font-weight: 400;\">Finalmente, despu\u00e9s de 7 a\u00f1os, hemos abierto nuestra propia fabrica\/obrador de chocolate. Des de aqu\u00ed dar las gracias a Marta que nos ha fabricado todos estos a\u00f1os nuestros chocolates y hemos conseguido que miles de familias coman chocolate seguro cada d\u00eda. Por problemas ajenos a nosotras (burocr\u00e1ticos) ya sab\u00e9is a que me refiero, Marta hizo un paso al lado, y yo decid\u00ed seguir\u2026.<\/span><\/p>\n<p><span style=\"font-weight: 400;\">Creo firmemente en vosotros y creo que las marcas tenemos que estar a la altura de las personas que necesitan condiciones especiales para comer.\u00a0<\/span><\/p>\n<p><span style=\"font-weight: 400;\">No creo que sea dif\u00edcil etiquetar correctamente para que todo el mundo coma tranquilo, lo seguir\u00e9 reivindicando y no me callare ante las injusticias\u00a0<\/span><\/p>\n<p><span style=\"font-weight: 400;\">Nadie como nosotros conoce el problema de las trazas, as\u00ed que tenemos dos obradores separados totalmente, todo se encuentra duplicado, maquinas, moldes, herramientas, todo, absolutamente todo.<\/span><\/p>\n<p><span style=\"font-weight: 400;\">La ropa de trabajo se lava en el obrador cada d\u00eda en una lavadora propia a 60 grados y no entra nada ni nadie en el obrador si no cumple las normas del plan de limpieza y vestimenta. As\u00ed nos evitamos que entre cualquier alergeno en los obradores. <\/span><\/p>\n<p><img loading=\"lazy\" decoding=\"async\" class=\"size-full wp-image-17617 alignnone\" src=\"https:\/\/xocomon.com\/wp-content\/uploads\/2023\/05\/CALIDAD-XOCOMON-soporte-simplementeweb-gmail-com-Gmail.png\" alt=\"\" width=\"539\" height=\"462\" srcset=\"https:\/\/xocomon.com\/wp-content\/uploads\/2023\/05\/CALIDAD-XOCOMON-soporte-simplementeweb-gmail-com-Gmail.png 539w, https:\/\/xocomon.com\/wp-content\/uploads\/2023\/05\/CALIDAD-XOCOMON-soporte-simplementeweb-gmail-com-Gmail-300x257.png 300w, https:\/\/xocomon.com\/wp-content\/uploads\/2023\/05\/CALIDAD-XOCOMON-soporte-simplementeweb-gmail-com-Gmail-510x437.png 510w\" sizes=\"auto, (max-width: 539px) 100vw, 539px\" \/><\/p>\n<p><b>Etiquetas claras<\/b><span style=\"font-weight: 400;\">: no queremos marear a nuestros clientes con aquello de que s\u00ed que \u201cremite etiquetado\u201d de que \u201cpuede contener\u201d si lleva alg\u00fan alergeno lo decimos y si no lo lleva pues tambi\u00e9n lo decimos, aunque no lo haga nadie m\u00e1s.\u00a0\u00a0<\/span><\/p>\n<p><b>Planificar es vital:<\/b><span style=\"font-weight: 400;\"> tenemos un estudio de puntos cr\u00edticos donde estudiamos donde podr\u00edamos tener un problema de contaminaci\u00f3n o donde podemos tener alg\u00fan error, y para cada punto flaco hemos hecho un punto de control, y por si acaso lo probamos lo auditamos y lo modificamos tantas veces como sea necesario<\/span><b>.\u00a0<\/b><\/p>\n<p><b>Nos os enga\u00f1aremos queremos dormir tranquilos.\u00a0 7 a\u00f1os de trabajo bien hecho nos avalan.<\/b><\/p>\n<p><b>Anal\u00edticas de control<\/b> <b>extras<\/b><span style=\"font-weight: 400;\">: Plan de limpieza validado mediante anal\u00edticas y kits de detecci\u00f3n r\u00e1pida de alergenos. Todos nuestros proveedores nos env\u00edan y controlan sus productos y nosotros verificamos cada entrada en nuestras instalaciones para evitar los alergenos, pero no nos conformamos con creer los que nos dicen nuestros partners, as\u00ed que tenemos el compromiso de analizar mediante los laboratorios m\u00e1s competentes NUESTROS LOTES seg\u00fan el plan de anal\u00edticas.<\/span><\/p>\n<p><b>TRABAJAMOS CON SILLIKER IB\u00c9RICA, S.A, <\/b><span style=\"font-weight: 400;\">son para nosotros los mejores en chocolates. Tienen los m\u00e9todos de nuestros alergenos acreditados por ENAC y es un laboratorio acreditado UNE \u2013 EN -ISO17.025.<\/span><\/p>\n<p><b>PERO:<\/b><\/p>\n<p><b>Los m\u00e9todos anal\u00edticos no llegan al infinito o al Zero ideal: <\/b><span style=\"font-weight: 400;\">\u00a0por desgracia en la anal\u00edtica el cero no existe, as\u00ed que hemos escogido el que mide hasta m\u00e1s abajo y est\u00e1 acreditado. Al principio de Xocomon, escogimos un laboratorio que media mejor, pero desde el departamento de salud de la Generalitat de Catalunya, nuestra inspectora nos recomend\u00f3 que era mejor que fuera un laboratorio acreditado por ENAC, as\u00ed que cambiamos. A veces para contrastar anal\u00edticas o para comparar analizamos en otros dos laboratorios que tenemos dado de alta en nuestra base de datos.<\/span><\/p>\n<p><span style=\"font-weight: 400;\">Tenemos un plan anual de anal\u00edticas, donde cada a\u00f1o se decide que analizamos y con quien, y que alergenos buscamos, intentando cubrir el m\u00e1ximo rango para estar satisfechos y seguros de nuestro trabajo.<\/span><\/p>\n<p><span style=\"font-weight: 400;\">IMPORTANTE: si quieres saber mas sobre el lote de tu producto no hay problema pincha aqu\u00ed y te mandaremos la informaci\u00f3n deseada.\u00a0 <\/span><a href=\"mailto:montse@xocomon.com\"><span style=\"font-weight: 400;\">montse@xocomon.com<\/span><\/a><span style=\"font-weight: 400;\">\u00a0<\/span><\/p>\n<p><span style=\"font-weight: 400;\">Antes los colg\u00e1bamos en la web, pero hemos sacado el pdf por exceso de informaci\u00f3n a nuestros competidores.<\/span><\/p>\n<p><span style=\"font-weight: 400;\">Pod\u00e9is estar tranquilos que todos los resultados salen correctos y de no ser as\u00ed se har\u00eda una retirada inmediata del mercado mediante la normativa vigente del Departamento de Salut.<\/span><\/p>\n<p><b>Estar preparados para responder en caso de que algo salga mal<\/b><span style=\"font-weight: 400;\"> : la planificaci\u00f3n es importante, pero a veces hasta los mejores tambi\u00e9n fallan, entendemos que\u00a0 para ello tenemos que asumir que si algo sale mal tenemos que ser los primeros en reaccionar y no escondernos, hemos desarrollado un protocolo estricto y r\u00e1pido de actuaci\u00f3n y en caso de contaminaci\u00f3n alimentaria en el que contemplamos la comunicaci\u00f3n a nuestros clientes as\u00ed como la retirada de productos del mercado si fuera necesario, <\/span><b>si no son seguros los retiramos. \u00a0 <\/b><\/p>\n<p><span style=\"font-weight: 400;\">MONTSE ROSET ESTIVILL, Directora de Calidad, sostenibilitat y riesgos laborales\u00a0 de Xocomon.<\/span><\/p>\n<p><img loading=\"lazy\" decoding=\"async\" class=\"size-full wp-image-17620 alignnone\" src=\"https:\/\/xocomon.com\/wp-content\/uploads\/2023\/05\/WEB-Nuestro-compromiso-con-la-calidad23-Documentos-de-Google.png\" alt=\"\" width=\"148\" height=\"76\" \/><\/p>\n\n\t\t<\/div>\n\t\t\t\t\t<\/div>\n\n\t\n\n<\/div>\n\n\t\t<\/div>\n\n\t\t\n<style>\n#section_1485838002 {\n  padding-top: 30px;\n  padding-bottom: 30px;\n}\n<\/style>\n\t<\/section>\n\t\n\n","protected":false},"excerpt":{"rendered":"","protected":false},"author":736,"featured_media":0,"parent":0,"menu_order":0,"comment_status":"closed","ping_status":"closed","template":"","meta":{"footnotes":""},"class_list":["post-17613","page","type-page","status-publish","hentry"],"yoast_head":"<!-- This site is optimized with the Yoast SEO plugin v26.7 - https:\/\/yoast.com\/wordpress\/plugins\/seo\/ -->\n<title>Calidad - Xocomon<\/title>\n<meta name=\"robots\" content=\"index, follow, max-snippet:-1, max-image-preview:large, max-video-preview:-1\" \/>\n<link rel=\"canonical\" href=\"https:\/\/xocomon.com\/es\/calidad\/\" \/>\n<meta property=\"og:locale\" content=\"es_ES\" \/>\n<meta property=\"og:type\" content=\"article\" \/>\n<meta property=\"og:title\" content=\"Calidad - Xocomon\" \/>\n<meta property=\"og:url\" content=\"https:\/\/xocomon.com\/es\/calidad\/\" \/>\n<meta property=\"og:site_name\" content=\"Xocomon\" \/>\n<meta property=\"article:publisher\" content=\"https:\/\/www.facebook.com\/xocomon\/\" \/>\n<meta property=\"article:modified_time\" content=\"2024-02-28T13:34:19+00:00\" \/>\n<meta property=\"og:image\" content=\"https:\/\/xocomon.com\/wp-content\/uploads\/2023\/05\/CALIDAD-XOCOMON-soporte-simplementeweb-gmail-com-Gmail.png\" \/>\n<meta name=\"twitter:card\" content=\"summary_large_image\" \/>\n<script type=\"application\/ld+json\" class=\"yoast-schema-graph\">{\"@context\":\"https:\/\/schema.org\",\"@graph\":[{\"@type\":\"WebPage\",\"@id\":\"https:\/\/xocomon.com\/es\/calidad\/\",\"url\":\"https:\/\/xocomon.com\/es\/calidad\/\",\"name\":\"Calidad - Xocomon\",\"isPartOf\":{\"@id\":\"https:\/\/xocomon.com\/#website\"},\"primaryImageOfPage\":{\"@id\":\"https:\/\/xocomon.com\/es\/calidad\/#primaryimage\"},\"image\":{\"@id\":\"https:\/\/xocomon.com\/es\/calidad\/#primaryimage\"},\"thumbnailUrl\":\"https:\/\/xocomon.com\/wp-content\/uploads\/2023\/05\/CALIDAD-XOCOMON-soporte-simplementeweb-gmail-com-Gmail.png\",\"datePublished\":\"2023-05-29T13:27:01+00:00\",\"dateModified\":\"2024-02-28T13:34:19+00:00\",\"breadcrumb\":{\"@id\":\"https:\/\/xocomon.com\/es\/calidad\/#breadcrumb\"},\"inLanguage\":\"es\",\"potentialAction\":[{\"@type\":\"ReadAction\",\"target\":[\"https:\/\/xocomon.com\/es\/calidad\/\"]}]},{\"@type\":\"ImageObject\",\"inLanguage\":\"es\",\"@id\":\"https:\/\/xocomon.com\/es\/calidad\/#primaryimage\",\"url\":\"https:\/\/xocomon.com\/wp-content\/uploads\/2023\/05\/CALIDAD-XOCOMON-soporte-simplementeweb-gmail-com-Gmail.png\",\"contentUrl\":\"https:\/\/xocomon.com\/wp-content\/uploads\/2023\/05\/CALIDAD-XOCOMON-soporte-simplementeweb-gmail-com-Gmail.png\"},{\"@type\":\"BreadcrumbList\",\"@id\":\"https:\/\/xocomon.com\/es\/calidad\/#breadcrumb\",\"itemListElement\":[{\"@type\":\"ListItem\",\"position\":1,\"name\":\"Portada\",\"item\":\"https:\/\/xocomon.com\/es\/\"},{\"@type\":\"ListItem\",\"position\":2,\"name\":\"Calidad\"}]},{\"@type\":\"WebSite\",\"@id\":\"https:\/\/xocomon.com\/#website\",\"url\":\"https:\/\/xocomon.com\/\",\"name\":\"Xocomon\",\"description\":\"\",\"potentialAction\":[{\"@type\":\"SearchAction\",\"target\":{\"@type\":\"EntryPoint\",\"urlTemplate\":\"https:\/\/xocomon.com\/?s={search_term_string}\"},\"query-input\":{\"@type\":\"PropertyValueSpecification\",\"valueRequired\":true,\"valueName\":\"search_term_string\"}}],\"inLanguage\":\"es\"}]}<\/script>\n<!-- \/ Yoast SEO plugin. -->","yoast_head_json":{"title":"Calidad - Xocomon","robots":{"index":"index","follow":"follow","max-snippet":"max-snippet:-1","max-image-preview":"max-image-preview:large","max-video-preview":"max-video-preview:-1"},"canonical":"https:\/\/xocomon.com\/es\/calidad\/","og_locale":"es_ES","og_type":"article","og_title":"Calidad - Xocomon","og_url":"https:\/\/xocomon.com\/es\/calidad\/","og_site_name":"Xocomon","article_publisher":"https:\/\/www.facebook.com\/xocomon\/","article_modified_time":"2024-02-28T13:34:19+00:00","og_image":[{"url":"https:\/\/xocomon.com\/wp-content\/uploads\/2023\/05\/CALIDAD-XOCOMON-soporte-simplementeweb-gmail-com-Gmail.png","type":"","width":"","height":""}],"twitter_card":"summary_large_image","schema":{"@context":"https:\/\/schema.org","@graph":[{"@type":"WebPage","@id":"https:\/\/xocomon.com\/es\/calidad\/","url":"https:\/\/xocomon.com\/es\/calidad\/","name":"Calidad - Xocomon","isPartOf":{"@id":"https:\/\/xocomon.com\/#website"},"primaryImageOfPage":{"@id":"https:\/\/xocomon.com\/es\/calidad\/#primaryimage"},"image":{"@id":"https:\/\/xocomon.com\/es\/calidad\/#primaryimage"},"thumbnailUrl":"https:\/\/xocomon.com\/wp-content\/uploads\/2023\/05\/CALIDAD-XOCOMON-soporte-simplementeweb-gmail-com-Gmail.png","datePublished":"2023-05-29T13:27:01+00:00","dateModified":"2024-02-28T13:34:19+00:00","breadcrumb":{"@id":"https:\/\/xocomon.com\/es\/calidad\/#breadcrumb"},"inLanguage":"es","potentialAction":[{"@type":"ReadAction","target":["https:\/\/xocomon.com\/es\/calidad\/"]}]},{"@type":"ImageObject","inLanguage":"es","@id":"https:\/\/xocomon.com\/es\/calidad\/#primaryimage","url":"https:\/\/xocomon.com\/wp-content\/uploads\/2023\/05\/CALIDAD-XOCOMON-soporte-simplementeweb-gmail-com-Gmail.png","contentUrl":"https:\/\/xocomon.com\/wp-content\/uploads\/2023\/05\/CALIDAD-XOCOMON-soporte-simplementeweb-gmail-com-Gmail.png"},{"@type":"BreadcrumbList","@id":"https:\/\/xocomon.com\/es\/calidad\/#breadcrumb","itemListElement":[{"@type":"ListItem","position":1,"name":"Portada","item":"https:\/\/xocomon.com\/es\/"},{"@type":"ListItem","position":2,"name":"Calidad"}]},{"@type":"WebSite","@id":"https:\/\/xocomon.com\/#website","url":"https:\/\/xocomon.com\/","name":"Xocomon","description":"","potentialAction":[{"@type":"SearchAction","target":{"@type":"EntryPoint","urlTemplate":"https:\/\/xocomon.com\/?s={search_term_string}"},"query-input":{"@type":"PropertyValueSpecification","valueRequired":true,"valueName":"search_term_string"}}],"inLanguage":"es"}]}},"_links":{"self":[{"href":"https:\/\/xocomon.com\/es\/wp-json\/wp\/v2\/pages\/17613","targetHints":{"allow":["GET"]}}],"collection":[{"href":"https:\/\/xocomon.com\/es\/wp-json\/wp\/v2\/pages"}],"about":[{"href":"https:\/\/xocomon.com\/es\/wp-json\/wp\/v2\/types\/page"}],"author":[{"embeddable":true,"href":"https:\/\/xocomon.com\/es\/wp-json\/wp\/v2\/users\/736"}],"replies":[{"embeddable":true,"href":"https:\/\/xocomon.com\/es\/wp-json\/wp\/v2\/comments?post=17613"}],"version-history":[{"count":5,"href":"https:\/\/xocomon.com\/es\/wp-json\/wp\/v2\/pages\/17613\/revisions"}],"predecessor-version":[{"id":19820,"href":"https:\/\/xocomon.com\/es\/wp-json\/wp\/v2\/pages\/17613\/revisions\/19820"}],"wp:attachment":[{"href":"https:\/\/xocomon.com\/es\/wp-json\/wp\/v2\/media?parent=17613"}],"curies":[{"name":"wp","href":"https:\/\/api.w.org\/{rel}","templated":true}]}}