{"id":28650,"date":"2026-04-11T09:49:57","date_gmt":"2026-04-11T08:49:57","guid":{"rendered":"https:\/\/xocomon.com\/?post_type=product&#038;p=28650"},"modified":"2026-05-11T10:34:54","modified_gmt":"2026-05-11T09:34:54","slug":"dark-chocolate-lollipop-st-georges-dragon","status":"publish","type":"product","link":"https:\/\/xocomon.com\/en\/product\/dark-chocolate-lollipop-st-georges-dragon\/","title":{"rendered":"DARK CHOCOLATE LOLLIPOP St. George&#8217;s dragon"},"content":{"rendered":"<pre id=\"tw-target-text\" class=\"tw-data-text tw-text-large tw-ta\" dir=\"ltr\" tabindex=\"-1\" role=\"text\" data-placeholder=\"Traducci\u00f3\" data-ved=\"2ahUKEwjR4rTtk-OTAxVN_rsIHdtlAnkQ3ewLegQIFBAW\" aria-label=\"Text tradu\u00eft: BLACK CHOCOLATE LOLLIPOP DRAGON ST JORDI BLACK CHOCOLATE LOLLIPOP DRAGON ST JORDI A chocolate lollipop from Xocomon is a luxury for the good and if everyone can eat it, it's fantastic. We made it because it was always a request from you. So your requests are orders for us and here it is! For everyone and for unforgettable luxury snacks. We love Xocomon chocolate and making you happy. They are 30 gr, well balanced and with a very long stick, all of them say XOCOMON, so it's impossible to confuse them! We are artisans, we make each lollipop by hand, one by one. without rushing with all the love. Why chocolate Xocomon? Because it's safe, delicious and unique. This project was born from the need to make chocolate without traces of nuts. From here it is also gluten-free, dairy-free, soy-free, egg-free and peanut-free. Many of you ask us why we make milk chocolate, if milk is an allergen? Cl\u00e0udia is finally the chocolate she wanted since she tolerates milk protein. And this is our reason for being. From here we saw that there are many people allergic to milk protein and we made dark chocolate without milk or traces. So now you know a little more about us, we hope you like it Safety Safety is our reason for being. We buy certified chocolate without nuts from the supplier. Therefore our suppliers are large cocoa producers. New workshops in Matar\u00f3 since 2023.\"><span class=\"Y2IQFc\" lang=\"en\" style=\"font-family: arial, helvetica, sans-serif;\">BLACK CHOCOLATE LOLLIPOP DRAGON ST JORDI\r\n\r\nBLACK CHOCOLATE LOLLIPOP DRAGON ST JORDI\r\n\r\nA chocolate lollipop from Xocomon is a luxury for the good and if everyone can eat it, it's fantastic.\r\n\r\nWe made it because it was always a request from you. So your requests are orders for us and here it is! For everyone and for unforgettable luxury snacks. We love Xocomon chocolate and making you happy.\r\n\r\nThey are 30 gr, well balanced and with a very long stick, all of them say XOCOMON, so it's impossible to confuse them!\r\n\r\nWe are artisans, we make each lollipop by hand, one by one. without rushing with all the love.\r\n\r\nWhy chocolate Xocomon?\r\n\r\nBecause it's safe, delicious and unique.\r\n\r\nThis project was born from the need to make chocolate without traces of nuts.\r\n\r\nFrom here it is also gluten-free, dairy-free, soy-free, egg-free and peanut-free.\r\n\r\nMany of you ask us why we make milk chocolate, if milk is an allergen?\r\n\r\nCl\u00e0udia is finally the chocolate she wanted since she tolerates milk protein.\r\n\r\nAnd this is our reason for being.\r\n\r\nFrom here we saw that there are many people allergic to milk protein and we made dark chocolate without milk or traces.\r\n\r\nSo now you know a little more about us, we hope you like it\r\n\r\nSafety\r\n\r\nSafety is our reason for being.\r\n\r\nWe buy certified chocolate without nuts from the supplier.\r\n\r\nTherefore our suppliers are large cocoa producers.\r\n\r\nNew workshops in Matar\u00f3 since 2023.<\/span><\/pre>\n","protected":false},"excerpt":{"rendered":"<pre id=\"tw-target-text\" class=\"tw-data-text tw-text-large tw-ta\" dir=\"ltr\" tabindex=\"-1\" role=\"text\" data-placeholder=\"Traducci\u00f3\" data-ved=\"2ahUKEwjR4rTtk-OTAxVN_rsIHdtlAnkQ3ewLegQIFBAW\" aria-label=\"Text tradu\u00eft: DARK CHOCOLATE LOLLIPOP St. George's dragon Ingredients: Cocoa paste, sugar, cocoa butter. weight 30g WITHOUT TRACES OF DRIED FRUITS, MILK, EGG, PEANUTS, GLUTEN AND SOY.\"><span class=\"Y2IQFc\" lang=\"en\"><span style=\"font-family: arial, helvetica, sans-serif;\">DARK CHOCOLATE LOLLIPOP St. George's dragon\r\n<\/span>\r\n<span style=\"font-family: arial, helvetica, sans-serif;\">Ingredients: Cocoa paste, sugar, cocoa butter.\r\n\r\nweight 30g\r\n\r\nWITHOUT TRACES OF DRIED FRUITS, MILK, EGG, PEANUTS, GLUTEN AND SOY.<\/span><\/span><\/pre>\n<p>&nbsp;<\/p>\n<p>&nbsp;<\/p>\n<p>&nbsp;<\/p>\n<p>&nbsp;<\/p>\n<p><span data-sheets-value=\"{&quot;1&quot;:2,&quot;2&quot;:&quot;PIRULETA DE XOCOLATA NEGRA XOCOMON Ingredients: Pasta de cacau, sucre, mantega de cacau, emulgent: lecitina de soja, aroma natural de vainilla.nNO CONT\u00c9 fruits secs, cacahuet, llet, ou ni gluten, ni traces de tots ells.CONT\u00c9 SOJAnUna piruleta de xocolata es un luxe dels bons i si a m\u00e8s a m\u00e8s la pot menjar tothom \u00e9s fant\u00e0stic. L'hem fabricada perqu\u00e8 era una demanda vostra desde sempre. Aix\u00ed que les vostres peticions son ordes per nosaltres i aqui est\u00e0! Per a tots i per uns berenars de luxe inoblidables. Ens encanta la xocolata Xocomon i fer-vos feli\u00e7os.nson de 30 gr, ben equilibrades i amb un pal molt llarg. Esperem que us agradin molt. nEspecial per a festes d'aniversari.n&quot;}\" data-sheets-userformat=\"{&quot;2&quot;:899,&quot;3&quot;:{&quot;1&quot;:0},&quot;4&quot;:{&quot;1&quot;:2,&quot;2&quot;:16770457},&quot;10&quot;:0,&quot;11&quot;:4,&quot;12&quot;:0}\" data-sheets-textstyleruns=\"{&quot;1&quot;:0}\uee10{&quot;1&quot;:100,&quot;2&quot;:{&quot;2&quot;:{&quot;1&quot;:2,&quot;2&quot;:16711680}}}\uee10{&quot;1&quot;:115}\uee10{&quot;1&quot;:225,&quot;2&quot;:{&quot;2&quot;:{&quot;1&quot;:2,&quot;2&quot;:16711680}}}\uee10{&quot;1&quot;:229}\">\u00a0<\/span><\/p>\n","protected":false},"featured_media":28654,"comment_status":"open","ping_status":"closed","template":"","meta":[],"product_brand":[],"product_cat":[210,217,221,223],"product_tag":[],"class_list":{"0":"post-28650","1":"product","2":"type-product","3":"status-publish","4":"has-post-thumbnail","6":"product_cat-chocolate","7":"product_cat-black-chocolate-en","8":"product_cat-parties","9":"product_cat-black-chocolate-parties","10":"tm-has-options","12":"first","13":"instock","14":"taxable","15":"shipping-taxable","16":"purchasable","17":"product-type-simple"},"yoast_head":"<!-- This site is optimized with the Yoast SEO plugin v26.7 - https:\/\/yoast.com\/wordpress\/plugins\/seo\/ -->\n<title>DARK CHOCOLATE LOLLIPOP St. George&#039;s dragon - Xocomon<\/title>\n<meta name=\"description\" content=\"DARK CHOCOLATE LOLLIPOP St. George&#039;s dragon\" \/>\n<meta name=\"robots\" content=\"index, follow, max-snippet:-1, max-image-preview:large, max-video-preview:-1\" \/>\n<link rel=\"canonical\" href=\"https:\/\/xocomon.com\/producte\/piruleta-xocolata-negra-drac-de-st-jordi\/\" \/>\n<meta property=\"og:locale\" content=\"en_US\" \/>\n<meta property=\"og:type\" content=\"article\" \/>\n<meta property=\"og:title\" content=\"DARK CHOCOLATE LOLLIPOP St. George&#039;s dragon - Xocomon\" \/>\n<meta property=\"og:description\" content=\"DARK CHOCOLATE LOLLIPOP St. George&#039;s dragon\" \/>\n<meta property=\"og:url\" content=\"https:\/\/xocomon.com\/producte\/piruleta-xocolata-negra-drac-de-st-jordi\/\" \/>\n<meta property=\"og:site_name\" content=\"Xocomon\" \/>\n<meta property=\"article:publisher\" content=\"https:\/\/www.facebook.com\/xocomon\/\" \/>\n<meta property=\"article:modified_time\" content=\"2026-05-11T09:34:54+00:00\" \/>\n<meta property=\"og:image\" content=\"https:\/\/xocomon.com\/wp-content\/uploads\/2026\/04\/1.png\" \/>\n\t<meta property=\"og:image:width\" content=\"1080\" \/>\n\t<meta property=\"og:image:height\" content=\"1350\" \/>\n\t<meta property=\"og:image:type\" content=\"image\/png\" \/>\n<meta name=\"twitter:card\" content=\"summary_large_image\" \/>\n<meta name=\"twitter:label1\" content=\"Est. reading time\" \/>\n\t<meta name=\"twitter:data1\" content=\"1 minute\" \/>\n<script type=\"application\/ld+json\" class=\"yoast-schema-graph\">{\"@context\":\"https:\/\/schema.org\",\"@graph\":[{\"@type\":\"WebPage\",\"@id\":\"https:\/\/xocomon.com\/producte\/piruleta-xocolata-negra-drac-de-st-jordi\/\",\"url\":\"https:\/\/xocomon.com\/producte\/piruleta-xocolata-negra-drac-de-st-jordi\/\",\"name\":\"DARK CHOCOLATE LOLLIPOP St. George's dragon - Xocomon\",\"isPartOf\":{\"@id\":\"https:\/\/xocomon.com\/#website\"},\"primaryImageOfPage\":{\"@id\":\"https:\/\/xocomon.com\/producte\/piruleta-xocolata-negra-drac-de-st-jordi\/#primaryimage\"},\"image\":{\"@id\":\"https:\/\/xocomon.com\/producte\/piruleta-xocolata-negra-drac-de-st-jordi\/#primaryimage\"},\"thumbnailUrl\":\"https:\/\/xocomon.com\/wp-content\/uploads\/2026\/04\/1.png\",\"datePublished\":\"2026-04-11T08:49:57+00:00\",\"dateModified\":\"2026-05-11T09:34:54+00:00\",\"description\":\"DARK CHOCOLATE LOLLIPOP St. George's dragon\",\"breadcrumb\":{\"@id\":\"https:\/\/xocomon.com\/producte\/piruleta-xocolata-negra-drac-de-st-jordi\/#breadcrumb\"},\"inLanguage\":\"en-US\",\"potentialAction\":[{\"@type\":\"ReadAction\",\"target\":[\"https:\/\/xocomon.com\/producte\/piruleta-xocolata-negra-drac-de-st-jordi\/\"]}]},{\"@type\":\"ImageObject\",\"inLanguage\":\"en-US\",\"@id\":\"https:\/\/xocomon.com\/producte\/piruleta-xocolata-negra-drac-de-st-jordi\/#primaryimage\",\"url\":\"https:\/\/xocomon.com\/wp-content\/uploads\/2026\/04\/1.png\",\"contentUrl\":\"https:\/\/xocomon.com\/wp-content\/uploads\/2026\/04\/1.png\",\"width\":1080,\"height\":1350},{\"@type\":\"BreadcrumbList\",\"@id\":\"https:\/\/xocomon.com\/producte\/piruleta-xocolata-negra-drac-de-st-jordi\/#breadcrumb\",\"itemListElement\":[{\"@type\":\"ListItem\",\"position\":1,\"name\":\"Portada\",\"item\":\"https:\/\/xocomon.com\/es\/\"},{\"@type\":\"ListItem\",\"position\":2,\"name\":\"Shop\",\"item\":\"https:\/\/xocomon.com\/en\/shop\/\"},{\"@type\":\"ListItem\",\"position\":3,\"name\":\"DARK CHOCOLATE LOLLIPOP St. George&#8217;s dragon\"}]},{\"@type\":\"WebSite\",\"@id\":\"https:\/\/xocomon.com\/#website\",\"url\":\"https:\/\/xocomon.com\/\",\"name\":\"Xocomon\",\"description\":\"\",\"potentialAction\":[{\"@type\":\"SearchAction\",\"target\":{\"@type\":\"EntryPoint\",\"urlTemplate\":\"https:\/\/xocomon.com\/?s={search_term_string}\"},\"query-input\":{\"@type\":\"PropertyValueSpecification\",\"valueRequired\":true,\"valueName\":\"search_term_string\"}}],\"inLanguage\":\"en-US\"}]}<\/script>\n<!-- \/ Yoast SEO plugin. -->","yoast_head_json":{"title":"DARK CHOCOLATE LOLLIPOP St. George's dragon - Xocomon","description":"DARK CHOCOLATE LOLLIPOP St. George's dragon","robots":{"index":"index","follow":"follow","max-snippet":"max-snippet:-1","max-image-preview":"max-image-preview:large","max-video-preview":"max-video-preview:-1"},"canonical":"https:\/\/xocomon.com\/producte\/piruleta-xocolata-negra-drac-de-st-jordi\/","og_locale":"en_US","og_type":"article","og_title":"DARK CHOCOLATE LOLLIPOP St. George's dragon - Xocomon","og_description":"DARK CHOCOLATE LOLLIPOP St. George's dragon","og_url":"https:\/\/xocomon.com\/producte\/piruleta-xocolata-negra-drac-de-st-jordi\/","og_site_name":"Xocomon","article_publisher":"https:\/\/www.facebook.com\/xocomon\/","article_modified_time":"2026-05-11T09:34:54+00:00","og_image":[{"width":1080,"height":1350,"url":"https:\/\/xocomon.com\/wp-content\/uploads\/2026\/04\/1.png","type":"image\/png"}],"twitter_card":"summary_large_image","twitter_misc":{"Est. reading time":"1 minute"},"schema":{"@context":"https:\/\/schema.org","@graph":[{"@type":"WebPage","@id":"https:\/\/xocomon.com\/producte\/piruleta-xocolata-negra-drac-de-st-jordi\/","url":"https:\/\/xocomon.com\/producte\/piruleta-xocolata-negra-drac-de-st-jordi\/","name":"DARK CHOCOLATE LOLLIPOP St. George's dragon - Xocomon","isPartOf":{"@id":"https:\/\/xocomon.com\/#website"},"primaryImageOfPage":{"@id":"https:\/\/xocomon.com\/producte\/piruleta-xocolata-negra-drac-de-st-jordi\/#primaryimage"},"image":{"@id":"https:\/\/xocomon.com\/producte\/piruleta-xocolata-negra-drac-de-st-jordi\/#primaryimage"},"thumbnailUrl":"https:\/\/xocomon.com\/wp-content\/uploads\/2026\/04\/1.png","datePublished":"2026-04-11T08:49:57+00:00","dateModified":"2026-05-11T09:34:54+00:00","description":"DARK CHOCOLATE LOLLIPOP St. George's dragon","breadcrumb":{"@id":"https:\/\/xocomon.com\/producte\/piruleta-xocolata-negra-drac-de-st-jordi\/#breadcrumb"},"inLanguage":"en-US","potentialAction":[{"@type":"ReadAction","target":["https:\/\/xocomon.com\/producte\/piruleta-xocolata-negra-drac-de-st-jordi\/"]}]},{"@type":"ImageObject","inLanguage":"en-US","@id":"https:\/\/xocomon.com\/producte\/piruleta-xocolata-negra-drac-de-st-jordi\/#primaryimage","url":"https:\/\/xocomon.com\/wp-content\/uploads\/2026\/04\/1.png","contentUrl":"https:\/\/xocomon.com\/wp-content\/uploads\/2026\/04\/1.png","width":1080,"height":1350},{"@type":"BreadcrumbList","@id":"https:\/\/xocomon.com\/producte\/piruleta-xocolata-negra-drac-de-st-jordi\/#breadcrumb","itemListElement":[{"@type":"ListItem","position":1,"name":"Portada","item":"https:\/\/xocomon.com\/es\/"},{"@type":"ListItem","position":2,"name":"Shop","item":"https:\/\/xocomon.com\/en\/shop\/"},{"@type":"ListItem","position":3,"name":"DARK CHOCOLATE LOLLIPOP St. George&#8217;s dragon"}]},{"@type":"WebSite","@id":"https:\/\/xocomon.com\/#website","url":"https:\/\/xocomon.com\/","name":"Xocomon","description":"","potentialAction":[{"@type":"SearchAction","target":{"@type":"EntryPoint","urlTemplate":"https:\/\/xocomon.com\/?s={search_term_string}"},"query-input":{"@type":"PropertyValueSpecification","valueRequired":true,"valueName":"search_term_string"}}],"inLanguage":"en-US"}]}},"tiered_pricing_type":"fixed","tiered_pricing_fixed_rules":[],"tiered_pricing_product_settings":{"layout":"default","base_unit_name":{"singular":null,"plural":null},"default_variation":null},"tiered_pricing_minimum_quantity":null,"tiered_pricing_roles_data":[],"tiered_pricing_percentage_rules":[],"_links":{"self":[{"href":"https:\/\/xocomon.com\/en\/wp-json\/wp\/v2\/product\/28650","targetHints":{"allow":["GET"]}}],"collection":[{"href":"https:\/\/xocomon.com\/en\/wp-json\/wp\/v2\/product"}],"about":[{"href":"https:\/\/xocomon.com\/en\/wp-json\/wp\/v2\/types\/product"}],"replies":[{"embeddable":true,"href":"https:\/\/xocomon.com\/en\/wp-json\/wp\/v2\/comments?post=28650"}],"wp:featuredmedia":[{"embeddable":true,"href":"https:\/\/xocomon.com\/en\/wp-json\/wp\/v2\/media\/28654"}],"wp:attachment":[{"href":"https:\/\/xocomon.com\/en\/wp-json\/wp\/v2\/media?parent=28650"}],"wp:term":[{"taxonomy":"product_brand","embeddable":true,"href":"https:\/\/xocomon.com\/en\/wp-json\/wp\/v2\/product_brand?post=28650"},{"taxonomy":"product_cat","embeddable":true,"href":"https:\/\/xocomon.com\/en\/wp-json\/wp\/v2\/product_cat?post=28650"},{"taxonomy":"product_tag","embeddable":true,"href":"https:\/\/xocomon.com\/en\/wp-json\/wp\/v2\/product_tag?post=28650"}],"curies":[{"name":"wp","href":"https:\/\/api.w.org\/{rel}","templated":true}]}}