{"id":27409,"date":"2026-01-30T12:40:34","date_gmt":"2026-01-30T11:40:34","guid":{"rendered":"https:\/\/xocomon.com\/?post_type=product&#038;p=27409"},"modified":"2026-02-16T02:10:13","modified_gmt":"2026-02-16T01:10:13","slug":"lot-amor-negra","status":"publish","type":"product","link":"https:\/\/xocomon.com\/en\/product\/lot-amor-negra\/","title":{"rendered":"LOT AMOR xocolata negra"},"content":{"rendered":"","protected":false},"excerpt":{"rendered":"<h3 data-start=\"109\" data-end=\"171\">Lot Sant Valent\u00ed Xocomon \u2013 Xocolata artesana per regalar sense al.l\u00e8rgens<\/h3>\n<p data-start=\"173\" data-end=\"431\">El <strong data-start=\"176\" data-end=\"204\">Lot Sant Valent\u00ed Xocomon<\/strong> \u00e9s una selecci\u00f3 de <strong data-start=\"224\" data-end=\"245\">xocolata artesana<\/strong> ideal per <strong data-start=\"256\" data-end=\"284\">regalar per Sant Valent\u00ed<\/strong>.<\/p>\n<p data-start=\"173\" data-end=\"431\">Productes Xocomon de qualitat, elaborats amb ingredients cuidats i presentats en un format perfecte per sorprendre amb un detall dol\u00e7 i especial.<\/p>\n<p data-start=\"433\" data-end=\"517\">Un regal de <strong data-start=\"445\" data-end=\"474\">xocolata per Sant Valent\u00ed<\/strong> que combina sabor, amor i proximitat. \u2764\ufe0f\ud83c\udf6b<\/p>\n","protected":false},"featured_media":27378,"comment_status":"closed","ping_status":"closed","template":"","meta":[],"product_brand":[],"product_cat":[1565,210,217,215],"product_tag":[2306],"class_list":{"0":"post-27409","1":"product","2":"type-product","3":"status-publish","4":"has-post-thumbnail","6":"product_cat-love-chocolate","7":"product_cat-chocolate","8":"product_cat-black-chocolate-en","9":"product_cat-packs","10":"product_tag-lot-amor-negra","11":"tm-has-options","13":"first","14":"instock","15":"sold-individually","16":"taxable","17":"shipping-taxable","18":"purchasable","19":"product-type-woosb"},"yoast_head":"<!-- This site is optimized with the Yoast SEO plugin v26.7 - https:\/\/yoast.com\/wordpress\/plugins\/seo\/ -->\n<title>LOT AMOR xocolata negra - Xocomon<\/title>\n<meta name=\"description\" content=\"Lot Sant Valent\u00ed Xocomon \u2013 Xocolata artesana per regalarEl Lot Sant Valent\u00ed Xocomon \u00e9s una selecci\u00f3 de xocolata artesana ideal per regalar per Sant Valent\u00ed. Productes Xocomon de qualitat, elaborats amb ingredients cuidats i presentats en un format perfecte per sorprendre amb un detall dol\u00e7 i especial.Un regal de xocolata per Sant Valent\u00ed que combina sabor, amor i proximitat. \u2764\ufe0f\ud83c\udf6b\" \/>\n<meta name=\"robots\" content=\"index, follow, max-snippet:-1, max-image-preview:large, max-video-preview:-1\" \/>\n<link rel=\"canonical\" href=\"https:\/\/xocomon.com\/en\/product\/lot-amor-negra\/\" \/>\n<meta property=\"og:locale\" content=\"en_US\" \/>\n<meta property=\"og:type\" content=\"article\" \/>\n<meta property=\"og:title\" content=\"LOT AMOR xocolata negra - Xocomon\" \/>\n<meta property=\"og:description\" content=\"Lot Sant Valent\u00ed Xocomon \u2013 Xocolata artesana per regalarEl Lot Sant Valent\u00ed Xocomon \u00e9s una selecci\u00f3 de xocolata artesana ideal per regalar per Sant Valent\u00ed. Productes Xocomon de qualitat, elaborats amb ingredients cuidats i presentats en un format perfecte per sorprendre amb un detall dol\u00e7 i especial.Un regal de xocolata per Sant Valent\u00ed que combina sabor, amor i proximitat. \u2764\ufe0f\ud83c\udf6b\" \/>\n<meta property=\"og:url\" content=\"https:\/\/xocomon.com\/en\/product\/lot-amor-negra\/\" \/>\n<meta property=\"og:site_name\" content=\"Xocomon\" \/>\n<meta property=\"article:publisher\" content=\"https:\/\/www.facebook.com\/xocomon\/\" \/>\n<meta property=\"article:modified_time\" content=\"2026-02-16T01:10:13+00:00\" \/>\n<meta property=\"og:image\" content=\"https:\/\/xocomon.com\/wp-content\/uploads\/2026\/01\/xocolata-negra-lot.png\" \/>\n\t<meta property=\"og:image:width\" content=\"1600\" \/>\n\t<meta property=\"og:image:height\" content=\"1600\" \/>\n\t<meta property=\"og:image:type\" content=\"image\/png\" \/>\n<meta name=\"twitter:card\" content=\"summary_large_image\" \/>\n<script type=\"application\/ld+json\" class=\"yoast-schema-graph\">{\"@context\":\"https:\/\/schema.org\",\"@graph\":[{\"@type\":\"WebPage\",\"@id\":\"https:\/\/xocomon.com\/en\/product\/lot-amor-negra\/\",\"url\":\"https:\/\/xocomon.com\/en\/product\/lot-amor-negra\/\",\"name\":\"LOT AMOR xocolata negra - Xocomon\",\"isPartOf\":{\"@id\":\"https:\/\/xocomon.com\/#website\"},\"primaryImageOfPage\":{\"@id\":\"https:\/\/xocomon.com\/en\/product\/lot-amor-negra\/#primaryimage\"},\"image\":{\"@id\":\"https:\/\/xocomon.com\/en\/product\/lot-amor-negra\/#primaryimage\"},\"thumbnailUrl\":\"https:\/\/xocomon.com\/wp-content\/uploads\/2026\/01\/xocolata-negra-lot.png\",\"datePublished\":\"2026-01-30T11:40:34+00:00\",\"dateModified\":\"2026-02-16T01:10:13+00:00\",\"description\":\"Lot Sant Valent\u00ed Xocomon \u2013 Xocolata artesana per regalarEl Lot Sant Valent\u00ed Xocomon \u00e9s una selecci\u00f3 de xocolata artesana ideal per regalar per Sant Valent\u00ed. Productes Xocomon de qualitat, elaborats amb ingredients cuidats i presentats en un format perfecte per sorprendre amb un detall dol\u00e7 i especial.Un regal de xocolata per Sant Valent\u00ed que combina sabor, amor i proximitat. \u2764\ufe0f\ud83c\udf6b\",\"breadcrumb\":{\"@id\":\"https:\/\/xocomon.com\/en\/product\/lot-amor-negra\/#breadcrumb\"},\"inLanguage\":\"en-US\",\"potentialAction\":[{\"@type\":\"ReadAction\",\"target\":[\"https:\/\/xocomon.com\/en\/product\/lot-amor-negra\/\"]}]},{\"@type\":\"ImageObject\",\"inLanguage\":\"en-US\",\"@id\":\"https:\/\/xocomon.com\/en\/product\/lot-amor-negra\/#primaryimage\",\"url\":\"https:\/\/xocomon.com\/wp-content\/uploads\/2026\/01\/xocolata-negra-lot.png\",\"contentUrl\":\"https:\/\/xocomon.com\/wp-content\/uploads\/2026\/01\/xocolata-negra-lot.png\",\"width\":1600,\"height\":1600},{\"@type\":\"BreadcrumbList\",\"@id\":\"https:\/\/xocomon.com\/en\/product\/lot-amor-negra\/#breadcrumb\",\"itemListElement\":[{\"@type\":\"ListItem\",\"position\":1,\"name\":\"Portada\",\"item\":\"https:\/\/xocomon.com\/en\/\"},{\"@type\":\"ListItem\",\"position\":2,\"name\":\"Shop\",\"item\":\"https:\/\/xocomon.com\/en\/shop\/\"},{\"@type\":\"ListItem\",\"position\":3,\"name\":\"LOT AMOR xocolata negra\"}]},{\"@type\":\"WebSite\",\"@id\":\"https:\/\/xocomon.com\/#website\",\"url\":\"https:\/\/xocomon.com\/\",\"name\":\"Xocomon\",\"description\":\"\",\"potentialAction\":[{\"@type\":\"SearchAction\",\"target\":{\"@type\":\"EntryPoint\",\"urlTemplate\":\"https:\/\/xocomon.com\/?s={search_term_string}\"},\"query-input\":{\"@type\":\"PropertyValueSpecification\",\"valueRequired\":true,\"valueName\":\"search_term_string\"}}],\"inLanguage\":\"en-US\"}]}<\/script>\n<!-- \/ Yoast SEO plugin. -->","yoast_head_json":{"title":"LOT AMOR xocolata negra - Xocomon","description":"Lot Sant Valent\u00ed Xocomon \u2013 Xocolata artesana per regalarEl Lot Sant Valent\u00ed Xocomon \u00e9s una selecci\u00f3 de xocolata artesana ideal per regalar per Sant Valent\u00ed. Productes Xocomon de qualitat, elaborats amb ingredients cuidats i presentats en un format perfecte per sorprendre amb un detall dol\u00e7 i especial.Un regal de xocolata per Sant Valent\u00ed que combina sabor, amor i proximitat. \u2764\ufe0f\ud83c\udf6b","robots":{"index":"index","follow":"follow","max-snippet":"max-snippet:-1","max-image-preview":"max-image-preview:large","max-video-preview":"max-video-preview:-1"},"canonical":"https:\/\/xocomon.com\/en\/product\/lot-amor-negra\/","og_locale":"en_US","og_type":"article","og_title":"LOT AMOR xocolata negra - Xocomon","og_description":"Lot Sant Valent\u00ed Xocomon \u2013 Xocolata artesana per regalarEl Lot Sant Valent\u00ed Xocomon \u00e9s una selecci\u00f3 de xocolata artesana ideal per regalar per Sant Valent\u00ed. Productes Xocomon de qualitat, elaborats amb ingredients cuidats i presentats en un format perfecte per sorprendre amb un detall dol\u00e7 i especial.Un regal de xocolata per Sant Valent\u00ed que combina sabor, amor i proximitat. \u2764\ufe0f\ud83c\udf6b","og_url":"https:\/\/xocomon.com\/en\/product\/lot-amor-negra\/","og_site_name":"Xocomon","article_publisher":"https:\/\/www.facebook.com\/xocomon\/","article_modified_time":"2026-02-16T01:10:13+00:00","og_image":[{"width":1600,"height":1600,"url":"https:\/\/xocomon.com\/wp-content\/uploads\/2026\/01\/xocolata-negra-lot.png","type":"image\/png"}],"twitter_card":"summary_large_image","schema":{"@context":"https:\/\/schema.org","@graph":[{"@type":"WebPage","@id":"https:\/\/xocomon.com\/en\/product\/lot-amor-negra\/","url":"https:\/\/xocomon.com\/en\/product\/lot-amor-negra\/","name":"LOT AMOR xocolata negra - Xocomon","isPartOf":{"@id":"https:\/\/xocomon.com\/#website"},"primaryImageOfPage":{"@id":"https:\/\/xocomon.com\/en\/product\/lot-amor-negra\/#primaryimage"},"image":{"@id":"https:\/\/xocomon.com\/en\/product\/lot-amor-negra\/#primaryimage"},"thumbnailUrl":"https:\/\/xocomon.com\/wp-content\/uploads\/2026\/01\/xocolata-negra-lot.png","datePublished":"2026-01-30T11:40:34+00:00","dateModified":"2026-02-16T01:10:13+00:00","description":"Lot Sant Valent\u00ed Xocomon \u2013 Xocolata artesana per regalarEl Lot Sant Valent\u00ed Xocomon \u00e9s una selecci\u00f3 de xocolata artesana ideal per regalar per Sant Valent\u00ed. Productes Xocomon de qualitat, elaborats amb ingredients cuidats i presentats en un format perfecte per sorprendre amb un detall dol\u00e7 i especial.Un regal de xocolata per Sant Valent\u00ed que combina sabor, amor i proximitat. \u2764\ufe0f\ud83c\udf6b","breadcrumb":{"@id":"https:\/\/xocomon.com\/en\/product\/lot-amor-negra\/#breadcrumb"},"inLanguage":"en-US","potentialAction":[{"@type":"ReadAction","target":["https:\/\/xocomon.com\/en\/product\/lot-amor-negra\/"]}]},{"@type":"ImageObject","inLanguage":"en-US","@id":"https:\/\/xocomon.com\/en\/product\/lot-amor-negra\/#primaryimage","url":"https:\/\/xocomon.com\/wp-content\/uploads\/2026\/01\/xocolata-negra-lot.png","contentUrl":"https:\/\/xocomon.com\/wp-content\/uploads\/2026\/01\/xocolata-negra-lot.png","width":1600,"height":1600},{"@type":"BreadcrumbList","@id":"https:\/\/xocomon.com\/en\/product\/lot-amor-negra\/#breadcrumb","itemListElement":[{"@type":"ListItem","position":1,"name":"Portada","item":"https:\/\/xocomon.com\/en\/"},{"@type":"ListItem","position":2,"name":"Shop","item":"https:\/\/xocomon.com\/en\/shop\/"},{"@type":"ListItem","position":3,"name":"LOT AMOR xocolata negra"}]},{"@type":"WebSite","@id":"https:\/\/xocomon.com\/#website","url":"https:\/\/xocomon.com\/","name":"Xocomon","description":"","potentialAction":[{"@type":"SearchAction","target":{"@type":"EntryPoint","urlTemplate":"https:\/\/xocomon.com\/?s={search_term_string}"},"query-input":{"@type":"PropertyValueSpecification","valueRequired":true,"valueName":"search_term_string"}}],"inLanguage":"en-US"}]}},"tiered_pricing_type":"fixed","tiered_pricing_fixed_rules":[],"tiered_pricing_product_settings":{"layout":"default","base_unit_name":{"singular":null,"plural":null},"default_variation":null},"tiered_pricing_minimum_quantity":null,"tiered_pricing_roles_data":[],"tiered_pricing_percentage_rules":[],"_links":{"self":[{"href":"https:\/\/xocomon.com\/en\/wp-json\/wp\/v2\/product\/27409","targetHints":{"allow":["GET"]}}],"collection":[{"href":"https:\/\/xocomon.com\/en\/wp-json\/wp\/v2\/product"}],"about":[{"href":"https:\/\/xocomon.com\/en\/wp-json\/wp\/v2\/types\/product"}],"replies":[{"embeddable":true,"href":"https:\/\/xocomon.com\/en\/wp-json\/wp\/v2\/comments?post=27409"}],"wp:featuredmedia":[{"embeddable":true,"href":"https:\/\/xocomon.com\/en\/wp-json\/wp\/v2\/media\/27378"}],"wp:attachment":[{"href":"https:\/\/xocomon.com\/en\/wp-json\/wp\/v2\/media?parent=27409"}],"wp:term":[{"taxonomy":"product_brand","embeddable":true,"href":"https:\/\/xocomon.com\/en\/wp-json\/wp\/v2\/product_brand?post=27409"},{"taxonomy":"product_cat","embeddable":true,"href":"https:\/\/xocomon.com\/en\/wp-json\/wp\/v2\/product_cat?post=27409"},{"taxonomy":"product_tag","embeddable":true,"href":"https:\/\/xocomon.com\/en\/wp-json\/wp\/v2\/product_tag?post=27409"}],"curies":[{"name":"wp","href":"https:\/\/api.w.org\/{rel}","templated":true}]}}