{"id":24066,"date":"2025-03-03T12:14:31","date_gmt":"2025-03-03T11:14:31","guid":{"rendered":"https:\/\/xocomon.com\/?post_type=product&#038;p=24066"},"modified":"2026-04-04T12:47:47","modified_gmt":"2026-04-04T11:47:47","slug":"dinoxocomon-xocolata-negra-350g","status":"publish","type":"product","link":"https:\/\/xocomon.com\/en\/product\/dinoxocomon-xocolata-negra-350g\/","title":{"rendered":"Dinoxocomon dark chocolate 350g"},"content":{"rendered":"<h1 class=\"tw-data-text tw-text-large tw-ta\" dir=\"ltr\" data-placeholder=\"Traducci\u00f3\" data-ved=\"2ahUKEwiv_9mm2e2LAxX9fKQEHVWRFHsQ3ewLegQIDBAV\" aria-label=\"Text tradu\u00eft: Dinoxocomon dark chocolate 350g LIMITED UNITS We made it new this 2025 as a small customer of ours asked us for it very insistently! We are artisans, we make each piece by hand, one by one. No rush with all the love.\"><span class=\"Y2IQFc\" lang=\"en\" style=\"font-family: helvetica, arial, sans-serif;\">Dinoxocomon dark chocolate 350g <\/span><\/h1>\n<p class=\"tw-data-text tw-text-large tw-ta\" dir=\"ltr\" data-placeholder=\"Traducci\u00f3\" data-ved=\"2ahUKEwiv_9mm2e2LAxX9fKQEHVWRFHsQ3ewLegQIDBAV\" aria-label=\"Text tradu\u00eft: Dinoxocomon dark chocolate 350g LIMITED UNITS We made it new this 2025 as a small customer of ours asked us for it very insistently! We are artisans, we make each piece by hand, one by one. No rush with all the love.\"><span class=\"Y2IQFc\" lang=\"en\" style=\"font-family: helvetica, arial, sans-serif;\">LIMITED UNITS We made it new this 2025 as a small customer of ours asked us for it very insistently! We are artisans, we make each piece by hand, one by one. No rush with all the love. <\/span><\/p>\n<p class=\"tw-data-text tw-text-large tw-ta\" dir=\"ltr\" data-placeholder=\"Traducci\u00f3\" data-ved=\"2ahUKEwiv_9mm2e2LAxX9fKQEHVWRFHsQ3ewLegQIDBAV\" aria-label=\"Text tradu\u00eft: Why Xocomon chocolate? Because it is safe, beautiful and unique. This project was born from the need to make chocolate without traces of nuts. From here it is also gluten-free, egg-free and peanut-free. Many of you ask us why we make chocolate with milk, if milk is an allergen?. Cl\u00e0udia is finally the chocolate she wanted since she tolerates milk protein. And this is our reason for being born. From here we saw that there are many people who are allergic to milk protein and we made dark chocolate without milk or traces and chocolate with chufa. Chufa chocolate replaces milk chocolate and has a very similar taste. So now you know a little more about us, we hope you like it And happy Easter and may the Dinoxocomon l350g play a good role for you.\"><span class=\"Y2IQFc\" lang=\"en\" style=\"font-family: helvetica, arial, sans-serif;\">\u00a0Because it is safe, beautiful and unique. This project was born from the need to make chocolate without traces of nuts. From here it is also gluten-free, egg-free and peanut-free. Many of you ask us why we make chocolate with milk, if milk is an allergen?. Cl\u00e0udia is finally the chocolate she wanted since she tolerates milk protein. And this is our reason for being born. From here we saw that there are many people who are allergic to milk protein and we made dark chocolate without milk or traces and chocolate with chufa. Chufa chocolate replaces milk chocolate and has a very similar taste. So now you know a little more about us, we hope you like it And happy Easter and may the Dinoxocomon l350g play a good role for you. <\/span><\/p>\n<h1 id=\"tw-target-text\" class=\"tw-data-text tw-text-large tw-ta\" dir=\"ltr\" data-placeholder=\"Traducci\u00f3\" data-ved=\"2ahUKEwiv_9mm2e2LAxX9fKQEHVWRFHsQ3ewLegQIDBAV\" aria-label=\"Text tradu\u00eft: Security: Dinoxocomon dark chocolate 350g Safety is our reason for being. We buy certified nut-free chocolate from the supplier. Therefore, our suppliers are large producers of cocoa. We are part of cocoa horizons. Own workshops in Matar\u00f3 from Nov 2023 We hope you will love this fun dinosaur.\"><span class=\"Y2IQFc\" lang=\"en\" style=\"font-family: helvetica, arial, sans-serif;\">Security: <\/span><\/h1>\n<p class=\"tw-data-text tw-text-large tw-ta\" dir=\"ltr\" data-placeholder=\"Traducci\u00f3\" data-ved=\"2ahUKEwiv_9mm2e2LAxX9fKQEHVWRFHsQ3ewLegQIDBAV\" aria-label=\"Text tradu\u00eft: Security: Dinoxocomon dark chocolate 350g Safety is our reason for being. We buy certified nut-free chocolate from the supplier. Therefore, our suppliers are large producers of cocoa. We are part of cocoa horizons. Own workshops in Matar\u00f3 from Nov 2023 We hope you will love this fun dinosaur.\"><span class=\"Y2IQFc\" lang=\"en\" style=\"font-family: helvetica, arial, sans-serif;\">Dinoxocomon dark chocolate 350g Safety is our reason for being. We buy certified nut-free chocolate from the supplier. Therefore, our suppliers are large producers of cocoa. We are part of cocoa horizons. Own workshops in Matar\u00f3 from Nov 2023 We hope you will love this fun dinosaur.<\/span><\/p>\n<p><strong>Ingredientes de las gominolas:<\/strong><\/p>\n<p><strong>DrEGGons:<\/strong><\/p>\n<p>Jarabe de glucosa; az\u00facar; dextrosa; gelatina; acidulante: \u00e1cido c\u00edtrico; alimentos colorantes (zanahoria, c\u00farcuma); aromas; colorante: curcumina; agente de recubrimiento: cera de abeja, blanca y amarilla.<\/p>\n","protected":false},"excerpt":{"rendered":"<h1 id=\"tw-target-text\" class=\"tw-data-text tw-text-large tw-ta\" dir=\"ltr\" data-placeholder=\"Traducci\u00f3\" data-ved=\"2ahUKEwiv_9mm2e2LAxX9fKQEHVWRFHsQ3ewLegQIDBAV\" aria-label=\"Text tradu\u00eft: Dinoxocomon dark chocolate 350g Ingredients: Cocoa paste sugar Cocoa butter Sunflower lecithin. Natural vanilla aroma. No allergens - xocomon chocolate Ingredients TROLLI brand dinosaur eggs: Glucose syrup; sugar; dextrose; gelatin; acidulant: citric acid; coloring foods (carrot, turmeric); aromas; coloring: curcumin; agent of coating: beeswax, white and yellow Sizes: 22*14 cm + 4 jelly eggs (trolli) Weight: 350G LIMITED UNITS. &lt;p class=&quot;text-center&quot;&gt;&lt;mark&gt;Block &lt;b&gt;&quot;&quot;icons-negro-ca&quot;&quot;&lt;\/b&gt; not found&lt;\/mark&gt;&lt;\/p&gt;\"><span class=\"Y2IQFc\" lang=\"en\">Dinoxocomon dark chocolate 350g<\/span><\/h1>\n<p class=\"tw-data-text tw-text-large tw-ta\" dir=\"ltr\" data-placeholder=\"Traducci\u00f3\" data-ved=\"2ahUKEwiv_9mm2e2LAxX9fKQEHVWRFHsQ3ewLegQIDBAV\" aria-label=\"Text tradu\u00eft: Dinoxocomon dark chocolate 350g Ingredients: Cocoa paste sugar Cocoa butter Sunflower lecithin. Natural vanilla aroma. No allergens - xocomon chocolate Ingredients TROLLI brand dinosaur eggs: Glucose syrup; sugar; dextrose; gelatin; acidulant: citric acid; coloring foods (carrot, turmeric); aromas; coloring: curcumin; agent of coating: beeswax, white and yellow Sizes: 22*14 cm + 4 jelly eggs (trolli) Weight: 350G LIMITED UNITS. &lt;p class=&quot;text-center&quot;&gt;&lt;mark&gt;Block &lt;b&gt;&quot;&quot;icons-negro-ca&quot;&quot;&lt;\/b&gt; not found&lt;\/mark&gt;&lt;\/p&gt;\"><span class=\"Y2IQFc\" lang=\"en\">Ingredients: Cocoa paste sugar Cocoa butter.<\/span><\/p>\n<p class=\"tw-data-text tw-text-large tw-ta\" dir=\"ltr\" data-placeholder=\"Traducci\u00f3\" data-ved=\"2ahUKEwiv_9mm2e2LAxX9fKQEHVWRFHsQ3ewLegQIDBAV\" aria-label=\"Text tradu\u00eft: Dinoxocomon dark chocolate 350g Ingredients: Cocoa paste sugar Cocoa butter Sunflower lecithin. Natural vanilla aroma. No allergens - xocomon chocolate Ingredients TROLLI brand dinosaur eggs: Glucose syrup; sugar; dextrose; gelatin; acidulant: citric acid; coloring foods (carrot, turmeric); aromas; coloring: curcumin; agent of coating: beeswax, white and yellow Sizes: 22*14 cm + 4 jelly eggs (trolli) Weight: 350G LIMITED UNITS. &lt;p class=&quot;text-center&quot;&gt;&lt;mark&gt;Block &lt;b&gt;&quot;&quot;icons-negro-ca&quot;&quot;&lt;\/b&gt; not found&lt;\/mark&gt;&lt;\/p&gt;\"><span class=\"Y2IQFc\" lang=\"en\">No allergens &#8211; xocomon chocolate<\/span><\/p>\n<p class=\"tw-data-text tw-text-large tw-ta\" dir=\"ltr\" data-placeholder=\"Traducci\u00f3\" data-ved=\"2ahUKEwiv_9mm2e2LAxX9fKQEHVWRFHsQ3ewLegQIDBAV\" aria-label=\"Text tradu\u00eft: Dinoxocomon dark chocolate 350g Ingredients: Cocoa paste sugar Cocoa butter Sunflower lecithin. Natural vanilla aroma. No allergens - xocomon chocolate Ingredients TROLLI brand dinosaur eggs: Glucose syrup; sugar; dextrose; gelatin; acidulant: citric acid; coloring foods (carrot, turmeric); aromas; coloring: curcumin; agent of coating: beeswax, white and yellow Sizes: 22*14 cm + 4 jelly eggs (trolli) Weight: 350G LIMITED UNITS. &lt;p class=&quot;text-center&quot;&gt;&lt;mark&gt;Block &lt;b&gt;&quot;&quot;icons-negro-ca&quot;&quot;&lt;\/b&gt; not found&lt;\/mark&gt;&lt;\/p&gt;\"><span class=\"Y2IQFc\" lang=\"en\">Ingredients TROLLI brand dinosaur eggs: Glucose syrup; sugar; dextrose; gelatin; acidulant: citric acid; coloring foods (carrot, turmeric); aromas; coloring: curcumin; agent of coating: beeswax, white and yellow <\/span><\/p>\n<p class=\"tw-data-text tw-text-large tw-ta\" dir=\"ltr\" data-placeholder=\"Traducci\u00f3\" data-ved=\"2ahUKEwiv_9mm2e2LAxX9fKQEHVWRFHsQ3ewLegQIDBAV\" aria-label=\"Text tradu\u00eft: Dinoxocomon dark chocolate 350g Ingredients: Cocoa paste sugar Cocoa butter Sunflower lecithin. Natural vanilla aroma. No allergens - xocomon chocolate Ingredients TROLLI brand dinosaur eggs: Glucose syrup; sugar; dextrose; gelatin; acidulant: citric acid; coloring foods (carrot, turmeric); aromas; coloring: curcumin; agent of coating: beeswax, white and yellow Sizes: 22*14 cm + 4 jelly eggs (trolli) Weight: 350G LIMITED UNITS. &lt;p class=&quot;text-center&quot;&gt;&lt;mark&gt;Block &lt;b&gt;&quot;&quot;icons-negro-ca&quot;&quot;&lt;\/b&gt; not found&lt;\/mark&gt;&lt;\/p&gt;\"><span class=\"Y2IQFc\" lang=\"en\">Sizes: 22*14 cm + 4 jelly eggs (trolli) <\/span><\/p>\n<p class=\"tw-data-text tw-text-large tw-ta\" dir=\"ltr\" data-placeholder=\"Traducci\u00f3\" data-ved=\"2ahUKEwiv_9mm2e2LAxX9fKQEHVWRFHsQ3ewLegQIDBAV\" aria-label=\"Text tradu\u00eft: Dinoxocomon dark chocolate 350g Ingredients: Cocoa paste sugar Cocoa butter Sunflower lecithin. Natural vanilla aroma. No allergens - xocomon chocolate Ingredients TROLLI brand dinosaur eggs: Glucose syrup; sugar; dextrose; gelatin; acidulant: citric acid; coloring foods (carrot, turmeric); aromas; coloring: curcumin; agent of coating: beeswax, white and yellow Sizes: 22*14 cm + 4 jelly eggs (trolli) Weight: 350G LIMITED UNITS. &lt;p class=&quot;text-center&quot;&gt;&lt;mark&gt;Block &lt;b&gt;&quot;&quot;icons-negro-ca&quot;&quot;&lt;\/b&gt; not found&lt;\/mark&gt;&lt;\/p&gt;\"><span class=\"Y2IQFc\" lang=\"en\">Weight: 350G LIMITED UNITS.<\/span><\/p>\n<p class=\"tw-data-text tw-text-large tw-ta\" dir=\"ltr\" data-placeholder=\"Traducci\u00f3\" data-ved=\"2ahUKEwiv_9mm2e2LAxX9fKQEHVWRFHsQ3ewLegQIDBAV\" aria-label=\"Text tradu\u00eft: Dinoxocomon dark chocolate 350g Ingredients: Cocoa paste sugar Cocoa butter Sunflower lecithin. Natural vanilla aroma. No allergens - xocomon chocolate Ingredients TROLLI brand dinosaur eggs: Glucose syrup; sugar; dextrose; gelatin; acidulant: citric acid; coloring foods (carrot, turmeric); aromas; coloring: curcumin; agent of coating: beeswax, white and yellow Sizes: 22*14 cm + 4 jelly eggs (trolli) Weight: 350G LIMITED UNITS. &lt;p class=&quot;text-center&quot;&gt;&lt;mark&gt;Block &lt;b&gt;&quot;&quot;icons-negro-ca&quot;&quot;&lt;\/b&gt; not found&lt;\/mark&gt;&lt;\/p&gt;\"><span class=\"Y2IQFc\" lang=\"en\"><img loading=\"lazy\" decoding=\"async\" class=\"size-full wp-image-20867 alignnone\" src=\"https:\/\/xocomon.com\/wp-content\/uploads\/2024\/04\/icons-negro.png\" alt=\"\" width=\"253\" height=\"171\" \/><\/span><\/p>\n","protected":false},"featured_media":24061,"comment_status":"open","ping_status":"closed","template":"","meta":[],"product_brand":[],"product_cat":[218,220],"product_tag":[326,327,328,292,329,330],"class_list":{"0":"post-24066","1":"product","2":"type-product","3":"status-publish","4":"has-post-thumbnail","6":"product_cat-easter","7":"product_cat-black-chocolate-easter","8":"product_tag-basquet-en","9":"product_tag-oudexocolata-en","10":"product_tag-oupasqua-en","11":"product_tag-pascua-en","12":"product_tag-pasqua-en","13":"product_tag-xocolatanegra-en","14":"tm-has-options","16":"first","17":"instock","18":"taxable","19":"shipping-taxable","20":"purchasable","21":"product-type-simple"},"yoast_head":"<!-- This site is optimized with the Yoast SEO plugin v26.7 - https:\/\/yoast.com\/wordpress\/plugins\/seo\/ -->\n<title>Dinoxocomon dark chocolate 350g - Xocomon<\/title>\n<meta name=\"description\" content=\"Dinoxocomon xocolata negra 350g ingredients: Cocoa paste sugar Cocoa butter Sunflower lecithin. Natural vanilla aroma. No allergens - xocomon chocolate\" \/>\n<meta name=\"robots\" content=\"index, follow, max-snippet:-1, max-image-preview:large, max-video-preview:-1\" \/>\n<link rel=\"canonical\" href=\"https:\/\/xocomon.com\/producte\/dinoxocomon-xocolata-negra-350g\/\" \/>\n<meta property=\"og:locale\" content=\"en_US\" \/>\n<meta property=\"og:type\" content=\"article\" \/>\n<meta property=\"og:title\" content=\"Dinoxocomon dark chocolate 350g - Xocomon\" \/>\n<meta property=\"og:description\" content=\"Dinoxocomon xocolata negra 350g ingredients: Cocoa paste sugar Cocoa butter Sunflower lecithin. Natural vanilla aroma. No allergens - xocomon chocolate\" \/>\n<meta property=\"og:url\" content=\"https:\/\/xocomon.com\/producte\/dinoxocomon-xocolata-negra-350g\/\" \/>\n<meta property=\"og:site_name\" content=\"Xocomon\" \/>\n<meta property=\"article:publisher\" content=\"https:\/\/www.facebook.com\/xocomon\/\" \/>\n<meta property=\"article:modified_time\" content=\"2026-04-04T11:47:47+00:00\" \/>\n<meta property=\"og:image\" content=\"https:\/\/xocomon.com\/wp-content\/uploads\/2025\/03\/Diseno-sin-titulo-2025-03-03T120046.439.png\" \/>\n\t<meta property=\"og:image:width\" content=\"1080\" \/>\n\t<meta property=\"og:image:height\" content=\"1350\" \/>\n\t<meta property=\"og:image:type\" content=\"image\/png\" \/>\n<meta name=\"twitter:card\" content=\"summary_large_image\" \/>\n<meta name=\"twitter:label1\" content=\"Est. reading time\" \/>\n\t<meta name=\"twitter:data1\" content=\"2 minutes\" \/>\n<script type=\"application\/ld+json\" class=\"yoast-schema-graph\">{\"@context\":\"https:\/\/schema.org\",\"@graph\":[{\"@type\":\"WebPage\",\"@id\":\"https:\/\/xocomon.com\/producte\/dinoxocomon-xocolata-negra-350g\/\",\"url\":\"https:\/\/xocomon.com\/producte\/dinoxocomon-xocolata-negra-350g\/\",\"name\":\"Dinoxocomon dark chocolate 350g - Xocomon\",\"isPartOf\":{\"@id\":\"https:\/\/xocomon.com\/#website\"},\"primaryImageOfPage\":{\"@id\":\"https:\/\/xocomon.com\/producte\/dinoxocomon-xocolata-negra-350g\/#primaryimage\"},\"image\":{\"@id\":\"https:\/\/xocomon.com\/producte\/dinoxocomon-xocolata-negra-350g\/#primaryimage\"},\"thumbnailUrl\":\"https:\/\/xocomon.com\/wp-content\/uploads\/2025\/03\/Diseno-sin-titulo-2025-03-03T120046.439.png\",\"datePublished\":\"2025-03-03T11:14:31+00:00\",\"dateModified\":\"2026-04-04T11:47:47+00:00\",\"description\":\"Dinoxocomon xocolata negra 350g ingredients: Cocoa paste sugar Cocoa butter Sunflower lecithin. Natural vanilla aroma. No allergens - xocomon chocolate\",\"breadcrumb\":{\"@id\":\"https:\/\/xocomon.com\/producte\/dinoxocomon-xocolata-negra-350g\/#breadcrumb\"},\"inLanguage\":\"en-US\",\"potentialAction\":[{\"@type\":\"ReadAction\",\"target\":[\"https:\/\/xocomon.com\/producte\/dinoxocomon-xocolata-negra-350g\/\"]}]},{\"@type\":\"ImageObject\",\"inLanguage\":\"en-US\",\"@id\":\"https:\/\/xocomon.com\/producte\/dinoxocomon-xocolata-negra-350g\/#primaryimage\",\"url\":\"https:\/\/xocomon.com\/wp-content\/uploads\/2025\/03\/Diseno-sin-titulo-2025-03-03T120046.439.png\",\"contentUrl\":\"https:\/\/xocomon.com\/wp-content\/uploads\/2025\/03\/Diseno-sin-titulo-2025-03-03T120046.439.png\",\"width\":1080,\"height\":1350},{\"@type\":\"BreadcrumbList\",\"@id\":\"https:\/\/xocomon.com\/producte\/dinoxocomon-xocolata-negra-350g\/#breadcrumb\",\"itemListElement\":[{\"@type\":\"ListItem\",\"position\":1,\"name\":\"Portada\",\"item\":\"https:\/\/xocomon.com\/es\/\"},{\"@type\":\"ListItem\",\"position\":2,\"name\":\"Shop\",\"item\":\"https:\/\/xocomon.com\/en\/shop\/\"},{\"@type\":\"ListItem\",\"position\":3,\"name\":\"Dinoxocomon dark chocolate 350g\"}]},{\"@type\":\"WebSite\",\"@id\":\"https:\/\/xocomon.com\/#website\",\"url\":\"https:\/\/xocomon.com\/\",\"name\":\"Xocomon\",\"description\":\"\",\"potentialAction\":[{\"@type\":\"SearchAction\",\"target\":{\"@type\":\"EntryPoint\",\"urlTemplate\":\"https:\/\/xocomon.com\/?s={search_term_string}\"},\"query-input\":{\"@type\":\"PropertyValueSpecification\",\"valueRequired\":true,\"valueName\":\"search_term_string\"}}],\"inLanguage\":\"en-US\"}]}<\/script>\n<!-- \/ Yoast SEO plugin. -->","yoast_head_json":{"title":"Dinoxocomon dark chocolate 350g - Xocomon","description":"Dinoxocomon xocolata negra 350g ingredients: Cocoa paste sugar Cocoa butter Sunflower lecithin. Natural vanilla aroma. No allergens - xocomon chocolate","robots":{"index":"index","follow":"follow","max-snippet":"max-snippet:-1","max-image-preview":"max-image-preview:large","max-video-preview":"max-video-preview:-1"},"canonical":"https:\/\/xocomon.com\/producte\/dinoxocomon-xocolata-negra-350g\/","og_locale":"en_US","og_type":"article","og_title":"Dinoxocomon dark chocolate 350g - Xocomon","og_description":"Dinoxocomon xocolata negra 350g ingredients: Cocoa paste sugar Cocoa butter Sunflower lecithin. Natural vanilla aroma. No allergens - xocomon chocolate","og_url":"https:\/\/xocomon.com\/producte\/dinoxocomon-xocolata-negra-350g\/","og_site_name":"Xocomon","article_publisher":"https:\/\/www.facebook.com\/xocomon\/","article_modified_time":"2026-04-04T11:47:47+00:00","og_image":[{"width":1080,"height":1350,"url":"https:\/\/xocomon.com\/wp-content\/uploads\/2025\/03\/Diseno-sin-titulo-2025-03-03T120046.439.png","type":"image\/png"}],"twitter_card":"summary_large_image","twitter_misc":{"Est. reading time":"2 minutes"},"schema":{"@context":"https:\/\/schema.org","@graph":[{"@type":"WebPage","@id":"https:\/\/xocomon.com\/producte\/dinoxocomon-xocolata-negra-350g\/","url":"https:\/\/xocomon.com\/producte\/dinoxocomon-xocolata-negra-350g\/","name":"Dinoxocomon dark chocolate 350g - Xocomon","isPartOf":{"@id":"https:\/\/xocomon.com\/#website"},"primaryImageOfPage":{"@id":"https:\/\/xocomon.com\/producte\/dinoxocomon-xocolata-negra-350g\/#primaryimage"},"image":{"@id":"https:\/\/xocomon.com\/producte\/dinoxocomon-xocolata-negra-350g\/#primaryimage"},"thumbnailUrl":"https:\/\/xocomon.com\/wp-content\/uploads\/2025\/03\/Diseno-sin-titulo-2025-03-03T120046.439.png","datePublished":"2025-03-03T11:14:31+00:00","dateModified":"2026-04-04T11:47:47+00:00","description":"Dinoxocomon xocolata negra 350g ingredients: Cocoa paste sugar Cocoa butter Sunflower lecithin. Natural vanilla aroma. No allergens - xocomon chocolate","breadcrumb":{"@id":"https:\/\/xocomon.com\/producte\/dinoxocomon-xocolata-negra-350g\/#breadcrumb"},"inLanguage":"en-US","potentialAction":[{"@type":"ReadAction","target":["https:\/\/xocomon.com\/producte\/dinoxocomon-xocolata-negra-350g\/"]}]},{"@type":"ImageObject","inLanguage":"en-US","@id":"https:\/\/xocomon.com\/producte\/dinoxocomon-xocolata-negra-350g\/#primaryimage","url":"https:\/\/xocomon.com\/wp-content\/uploads\/2025\/03\/Diseno-sin-titulo-2025-03-03T120046.439.png","contentUrl":"https:\/\/xocomon.com\/wp-content\/uploads\/2025\/03\/Diseno-sin-titulo-2025-03-03T120046.439.png","width":1080,"height":1350},{"@type":"BreadcrumbList","@id":"https:\/\/xocomon.com\/producte\/dinoxocomon-xocolata-negra-350g\/#breadcrumb","itemListElement":[{"@type":"ListItem","position":1,"name":"Portada","item":"https:\/\/xocomon.com\/es\/"},{"@type":"ListItem","position":2,"name":"Shop","item":"https:\/\/xocomon.com\/en\/shop\/"},{"@type":"ListItem","position":3,"name":"Dinoxocomon dark chocolate 350g"}]},{"@type":"WebSite","@id":"https:\/\/xocomon.com\/#website","url":"https:\/\/xocomon.com\/","name":"Xocomon","description":"","potentialAction":[{"@type":"SearchAction","target":{"@type":"EntryPoint","urlTemplate":"https:\/\/xocomon.com\/?s={search_term_string}"},"query-input":{"@type":"PropertyValueSpecification","valueRequired":true,"valueName":"search_term_string"}}],"inLanguage":"en-US"}]}},"tiered_pricing_type":"fixed","tiered_pricing_fixed_rules":[],"tiered_pricing_product_settings":{"layout":"default","base_unit_name":{"singular":null,"plural":null},"default_variation":null},"tiered_pricing_minimum_quantity":null,"tiered_pricing_roles_data":[],"tiered_pricing_percentage_rules":[],"_links":{"self":[{"href":"https:\/\/xocomon.com\/en\/wp-json\/wp\/v2\/product\/24066","targetHints":{"allow":["GET"]}}],"collection":[{"href":"https:\/\/xocomon.com\/en\/wp-json\/wp\/v2\/product"}],"about":[{"href":"https:\/\/xocomon.com\/en\/wp-json\/wp\/v2\/types\/product"}],"replies":[{"embeddable":true,"href":"https:\/\/xocomon.com\/en\/wp-json\/wp\/v2\/comments?post=24066"}],"wp:featuredmedia":[{"embeddable":true,"href":"https:\/\/xocomon.com\/en\/wp-json\/wp\/v2\/media\/24061"}],"wp:attachment":[{"href":"https:\/\/xocomon.com\/en\/wp-json\/wp\/v2\/media?parent=24066"}],"wp:term":[{"taxonomy":"product_brand","embeddable":true,"href":"https:\/\/xocomon.com\/en\/wp-json\/wp\/v2\/product_brand?post=24066"},{"taxonomy":"product_cat","embeddable":true,"href":"https:\/\/xocomon.com\/en\/wp-json\/wp\/v2\/product_cat?post=24066"},{"taxonomy":"product_tag","embeddable":true,"href":"https:\/\/xocomon.com\/en\/wp-json\/wp\/v2\/product_tag?post=24066"}],"curies":[{"name":"wp","href":"https:\/\/api.w.org\/{rel}","templated":true}]}}