{"id":23879,"date":"2019-03-11T09:23:39","date_gmt":"2019-03-11T08:23:39","guid":{"rendered":"https:\/\/xocomon.com\/product\/6-ous-petits-de-xocolata-amb-llet-sense-gluten-sense-fruits-secs-sense-cacauet-sense-ou-xocolata-xocomon\/"},"modified":"2026-03-22T06:08:19","modified_gmt":"2026-03-22T05:08:19","slug":"6-ous-petits-de-xocolata-amb-llet-100g","status":"publish","type":"product","link":"https:\/\/xocomon.com\/en\/product\/6-ous-petits-de-xocolata-amb-llet-100g\/","title":{"rendered":"6 Ous petits de Xocolata amb llet 100g"},"content":{"rendered":"<h1>100 gr, 6 UNITATS, embolicats en papers de colors, els colors els hem escollit dins de la gamma de colors Xocomon, perqu\u00e8 siguin molt m\u00e9s bonics i f\u00e0cils de recon\u00e8ixer.<\/h1>\n<p>La unitat de venda \u00e9s una ouera de 6 unitats, es poden comprar TOT L&#8217;ANY i dins dels lots de pasqua per lliurar al teu fillol@ i fer-l@ gaudir d&#8217;aquesta &#8220;Mona&#8221; d&#8217;or negre<\/p>\n<p>.<br \/>\nHem decidit fer ous petits, per diversificar i fer mes models i perqu\u00e8 sabem que als nens els encanten, aix\u00ed podran gaudir com tots menjant ous de xocolata per a ocasions especials o com a llaminadura.<br \/>\nNo cont\u00e9 traces de llet ni fruits secs, sense gluten sense cacauet, sense ou.<\/p>\n<p>Produ\u00efts un a un, ou a ou, ARTESANALMENT en el nostre obrador de Matar\u00f3, on solsament fem la nostra xocolata- 6 Ous petits de Xocolata amb llet 100g<\/p>\n<p>Moltes gr\u00e0cies per comprar Xocomon.<\/p>\n","protected":false},"excerpt":{"rendered":"<h1>6 Ous petits de Xocolata amb llet 100g<\/h1>\n<h4>Ingredients:<\/h4>\n<ul>\n<li>Pasta de cacau.<\/li>\n<li>Mantega de cacau.<\/li>\n<li>Sucre.<\/li>\n<li><span style=\"color: #ff0000;\"><strong>Llet en pols.<\/strong><\/span><\/li>\n<li>Emulgent: <span style=\"color: #ff0000;\"><strong>lecitina de soja.<\/strong><\/span><\/li>\n<li>Aroma natural de vainilla.<\/li>\n<\/ul>\n<h6><strong>SENSE GLUTEN, SENSE OU, SENSE FUITS SECS, SENSE CACAUET, SENSE TRACES<\/strong><\/h6>\n<img loading=\"lazy\" decoding=\"async\" class=\"size-full wp-image-20848 alignnone\" src=\"https:\/\/xocomon.com\/wp-content\/uploads\/2024\/04\/icons-con-leche.png\" alt=\"\" width=\"307\" height=\"81\" \/>\n","protected":false},"featured_media":6071,"comment_status":"open","ping_status":"closed","template":"","meta":[],"product_brand":[],"product_cat":[210,216,218,219],"product_tag":[],"class_list":{"0":"post-23879","1":"product","2":"type-product","3":"status-publish","4":"has-post-thumbnail","6":"product_cat-chocolate","7":"product_cat-milk-chocolate-en","8":"product_cat-easter","9":"product_cat-milk-chocolate-easter","10":"tm-has-options","12":"first","13":"instock","14":"taxable","15":"shipping-taxable","16":"purchasable","17":"product-type-simple"},"yoast_head":"<!-- This site is optimized with the Yoast SEO plugin v26.7 - https:\/\/yoast.com\/wordpress\/plugins\/seo\/ -->\n<title>6 Ous petits de Xocolata amb llet 100g - Xocomon<\/title>\n<meta name=\"description\" content=\"6 Ous petits de Xocolata amb llet 100g ingredients: Pasta de cacau. Mantega de cacau.Sucre.Llet en pols.Emulgent: lecitina de soja.Aroma natural de vainilla.\" \/>\n<meta name=\"robots\" content=\"index, follow, max-snippet:-1, max-image-preview:large, max-video-preview:-1\" \/>\n<link rel=\"canonical\" href=\"https:\/\/xocomon.com\/en\/product\/6-ous-petits-de-xocolata-amb-llet-100g\/\" \/>\n<meta property=\"og:locale\" content=\"en_US\" \/>\n<meta property=\"og:type\" content=\"article\" \/>\n<meta property=\"og:title\" content=\"6 Ous petits de Xocolata amb llet 100g - Xocomon\" \/>\n<meta property=\"og:description\" content=\"6 Ous petits de Xocolata amb llet 100g ingredients: Pasta de cacau. Mantega de cacau.Sucre.Llet en pols.Emulgent: lecitina de soja.Aroma natural de vainilla.\" \/>\n<meta property=\"og:url\" content=\"https:\/\/xocomon.com\/en\/product\/6-ous-petits-de-xocolata-amb-llet-100g\/\" \/>\n<meta property=\"og:site_name\" content=\"Xocomon\" \/>\n<meta property=\"article:publisher\" content=\"https:\/\/www.facebook.com\/xocomon\/\" \/>\n<meta property=\"article:modified_time\" content=\"2026-03-22T05:08:19+00:00\" \/>\n<meta property=\"og:image\" content=\"https:\/\/xocomon.com\/wp-content\/uploads\/2019\/03\/HUEVOS-LECHE-PEQ-1.jpg\" \/>\n\t<meta property=\"og:image:width\" content=\"900\" \/>\n\t<meta property=\"og:image:height\" content=\"900\" \/>\n\t<meta property=\"og:image:type\" content=\"image\/jpeg\" \/>\n<meta name=\"twitter:card\" content=\"summary_large_image\" \/>\n<meta name=\"twitter:label1\" content=\"Est. reading time\" \/>\n\t<meta name=\"twitter:data1\" content=\"1 minute\" \/>\n<script type=\"application\/ld+json\" class=\"yoast-schema-graph\">{\"@context\":\"https:\/\/schema.org\",\"@graph\":[{\"@type\":\"WebPage\",\"@id\":\"https:\/\/xocomon.com\/en\/product\/6-ous-petits-de-xocolata-amb-llet-100g\/\",\"url\":\"https:\/\/xocomon.com\/en\/product\/6-ous-petits-de-xocolata-amb-llet-100g\/\",\"name\":\"6 Ous petits de Xocolata amb llet 100g - Xocomon\",\"isPartOf\":{\"@id\":\"https:\/\/xocomon.com\/#website\"},\"primaryImageOfPage\":{\"@id\":\"https:\/\/xocomon.com\/en\/product\/6-ous-petits-de-xocolata-amb-llet-100g\/#primaryimage\"},\"image\":{\"@id\":\"https:\/\/xocomon.com\/en\/product\/6-ous-petits-de-xocolata-amb-llet-100g\/#primaryimage\"},\"thumbnailUrl\":\"https:\/\/xocomon.com\/wp-content\/uploads\/2019\/03\/HUEVOS-LECHE-PEQ-1.jpg\",\"datePublished\":\"2019-03-11T08:23:39+00:00\",\"dateModified\":\"2026-03-22T05:08:19+00:00\",\"description\":\"6 Ous petits de Xocolata amb llet 100g ingredients: Pasta de cacau. Mantega de cacau.Sucre.Llet en pols.Emulgent: lecitina de soja.Aroma natural de vainilla.\",\"breadcrumb\":{\"@id\":\"https:\/\/xocomon.com\/en\/product\/6-ous-petits-de-xocolata-amb-llet-100g\/#breadcrumb\"},\"inLanguage\":\"en-US\",\"potentialAction\":[{\"@type\":\"ReadAction\",\"target\":[\"https:\/\/xocomon.com\/en\/product\/6-ous-petits-de-xocolata-amb-llet-100g\/\"]}]},{\"@type\":\"ImageObject\",\"inLanguage\":\"en-US\",\"@id\":\"https:\/\/xocomon.com\/en\/product\/6-ous-petits-de-xocolata-amb-llet-100g\/#primaryimage\",\"url\":\"https:\/\/xocomon.com\/wp-content\/uploads\/2019\/03\/HUEVOS-LECHE-PEQ-1.jpg\",\"contentUrl\":\"https:\/\/xocomon.com\/wp-content\/uploads\/2019\/03\/HUEVOS-LECHE-PEQ-1.jpg\",\"width\":900,\"height\":900},{\"@type\":\"BreadcrumbList\",\"@id\":\"https:\/\/xocomon.com\/en\/product\/6-ous-petits-de-xocolata-amb-llet-100g\/#breadcrumb\",\"itemListElement\":[{\"@type\":\"ListItem\",\"position\":1,\"name\":\"Portada\",\"item\":\"https:\/\/xocomon.com\/es\/\"},{\"@type\":\"ListItem\",\"position\":2,\"name\":\"Shop\",\"item\":\"https:\/\/xocomon.com\/en\/shop\/\"},{\"@type\":\"ListItem\",\"position\":3,\"name\":\"6 Ous petits de Xocolata amb llet 100g\"}]},{\"@type\":\"WebSite\",\"@id\":\"https:\/\/xocomon.com\/#website\",\"url\":\"https:\/\/xocomon.com\/\",\"name\":\"Xocomon\",\"description\":\"\",\"potentialAction\":[{\"@type\":\"SearchAction\",\"target\":{\"@type\":\"EntryPoint\",\"urlTemplate\":\"https:\/\/xocomon.com\/?s={search_term_string}\"},\"query-input\":{\"@type\":\"PropertyValueSpecification\",\"valueRequired\":true,\"valueName\":\"search_term_string\"}}],\"inLanguage\":\"en-US\"}]}<\/script>\n<!-- \/ Yoast SEO plugin. -->","yoast_head_json":{"title":"6 Ous petits de Xocolata amb llet 100g - Xocomon","description":"6 Ous petits de Xocolata amb llet 100g ingredients: Pasta de cacau. Mantega de cacau.Sucre.Llet en pols.Emulgent: lecitina de soja.Aroma natural de vainilla.","robots":{"index":"index","follow":"follow","max-snippet":"max-snippet:-1","max-image-preview":"max-image-preview:large","max-video-preview":"max-video-preview:-1"},"canonical":"https:\/\/xocomon.com\/en\/product\/6-ous-petits-de-xocolata-amb-llet-100g\/","og_locale":"en_US","og_type":"article","og_title":"6 Ous petits de Xocolata amb llet 100g - Xocomon","og_description":"6 Ous petits de Xocolata amb llet 100g ingredients: Pasta de cacau. Mantega de cacau.Sucre.Llet en pols.Emulgent: lecitina de soja.Aroma natural de vainilla.","og_url":"https:\/\/xocomon.com\/en\/product\/6-ous-petits-de-xocolata-amb-llet-100g\/","og_site_name":"Xocomon","article_publisher":"https:\/\/www.facebook.com\/xocomon\/","article_modified_time":"2026-03-22T05:08:19+00:00","og_image":[{"width":900,"height":900,"url":"https:\/\/xocomon.com\/wp-content\/uploads\/2019\/03\/HUEVOS-LECHE-PEQ-1.jpg","type":"image\/jpeg"}],"twitter_card":"summary_large_image","twitter_misc":{"Est. reading time":"1 minute"},"schema":{"@context":"https:\/\/schema.org","@graph":[{"@type":"WebPage","@id":"https:\/\/xocomon.com\/en\/product\/6-ous-petits-de-xocolata-amb-llet-100g\/","url":"https:\/\/xocomon.com\/en\/product\/6-ous-petits-de-xocolata-amb-llet-100g\/","name":"6 Ous petits de Xocolata amb llet 100g - Xocomon","isPartOf":{"@id":"https:\/\/xocomon.com\/#website"},"primaryImageOfPage":{"@id":"https:\/\/xocomon.com\/en\/product\/6-ous-petits-de-xocolata-amb-llet-100g\/#primaryimage"},"image":{"@id":"https:\/\/xocomon.com\/en\/product\/6-ous-petits-de-xocolata-amb-llet-100g\/#primaryimage"},"thumbnailUrl":"https:\/\/xocomon.com\/wp-content\/uploads\/2019\/03\/HUEVOS-LECHE-PEQ-1.jpg","datePublished":"2019-03-11T08:23:39+00:00","dateModified":"2026-03-22T05:08:19+00:00","description":"6 Ous petits de Xocolata amb llet 100g ingredients: Pasta de cacau. Mantega de cacau.Sucre.Llet en pols.Emulgent: lecitina de soja.Aroma natural de vainilla.","breadcrumb":{"@id":"https:\/\/xocomon.com\/en\/product\/6-ous-petits-de-xocolata-amb-llet-100g\/#breadcrumb"},"inLanguage":"en-US","potentialAction":[{"@type":"ReadAction","target":["https:\/\/xocomon.com\/en\/product\/6-ous-petits-de-xocolata-amb-llet-100g\/"]}]},{"@type":"ImageObject","inLanguage":"en-US","@id":"https:\/\/xocomon.com\/en\/product\/6-ous-petits-de-xocolata-amb-llet-100g\/#primaryimage","url":"https:\/\/xocomon.com\/wp-content\/uploads\/2019\/03\/HUEVOS-LECHE-PEQ-1.jpg","contentUrl":"https:\/\/xocomon.com\/wp-content\/uploads\/2019\/03\/HUEVOS-LECHE-PEQ-1.jpg","width":900,"height":900},{"@type":"BreadcrumbList","@id":"https:\/\/xocomon.com\/en\/product\/6-ous-petits-de-xocolata-amb-llet-100g\/#breadcrumb","itemListElement":[{"@type":"ListItem","position":1,"name":"Portada","item":"https:\/\/xocomon.com\/es\/"},{"@type":"ListItem","position":2,"name":"Shop","item":"https:\/\/xocomon.com\/en\/shop\/"},{"@type":"ListItem","position":3,"name":"6 Ous petits de Xocolata amb llet 100g"}]},{"@type":"WebSite","@id":"https:\/\/xocomon.com\/#website","url":"https:\/\/xocomon.com\/","name":"Xocomon","description":"","potentialAction":[{"@type":"SearchAction","target":{"@type":"EntryPoint","urlTemplate":"https:\/\/xocomon.com\/?s={search_term_string}"},"query-input":{"@type":"PropertyValueSpecification","valueRequired":true,"valueName":"search_term_string"}}],"inLanguage":"en-US"}]}},"tiered_pricing_type":"fixed","tiered_pricing_fixed_rules":[],"tiered_pricing_product_settings":{"layout":"default","base_unit_name":{"singular":null,"plural":null},"default_variation":null},"tiered_pricing_minimum_quantity":null,"tiered_pricing_roles_data":[],"tiered_pricing_percentage_rules":[],"_links":{"self":[{"href":"https:\/\/xocomon.com\/en\/wp-json\/wp\/v2\/product\/23879","targetHints":{"allow":["GET"]}}],"collection":[{"href":"https:\/\/xocomon.com\/en\/wp-json\/wp\/v2\/product"}],"about":[{"href":"https:\/\/xocomon.com\/en\/wp-json\/wp\/v2\/types\/product"}],"replies":[{"embeddable":true,"href":"https:\/\/xocomon.com\/en\/wp-json\/wp\/v2\/comments?post=23879"}],"wp:featuredmedia":[{"embeddable":true,"href":"https:\/\/xocomon.com\/en\/wp-json\/wp\/v2\/media\/6071"}],"wp:attachment":[{"href":"https:\/\/xocomon.com\/en\/wp-json\/wp\/v2\/media?parent=23879"}],"wp:term":[{"taxonomy":"product_brand","embeddable":true,"href":"https:\/\/xocomon.com\/en\/wp-json\/wp\/v2\/product_brand?post=23879"},{"taxonomy":"product_cat","embeddable":true,"href":"https:\/\/xocomon.com\/en\/wp-json\/wp\/v2\/product_cat?post=23879"},{"taxonomy":"product_tag","embeddable":true,"href":"https:\/\/xocomon.com\/en\/wp-json\/wp\/v2\/product_tag?post=23879"}],"curies":[{"name":"wp","href":"https:\/\/api.w.org\/{rel}","templated":true}]}}