{"id":23573,"date":"2025-02-03T12:32:48","date_gmt":"2025-02-03T11:32:48","guid":{"rendered":"https:\/\/xocomon.com\/?post_type=product&#038;p=23573"},"modified":"2026-04-14T07:18:58","modified_gmt":"2026-04-14T06:18:58","slug":"hearts-dark-chocolate-100gr-copia","status":"publish","type":"product","link":"https:\/\/xocomon.com\/en\/product\/hearts-dark-chocolate-100gr-copia\/","title":{"rendered":"BEAR of love dark chocolate 190g"},"content":{"rendered":"<pre id=\"tw-target-text\" class=\"tw-data-text tw-text-large tw-ta\" dir=\"ltr\" data-placeholder=\"Traducci\u00f3n\" data-ved=\"2ahUKEwjTlMOdwKeLAxVZR_EDHVHKDrsQ3ewLegQIBxAV\" aria-label=\"Texto traducido: 2 mesitas de love +10 Corazones de chocolate para poder celebrar d\u00edas especiales, como St Valent\u00ed o St Jordi o simplemente porqu\u00e9!\r\n\r\nFabricados\u00a0 artesanalmente, con chocolate Xocomon SIN SOJA NI HACIA ALERGEN\r\n\r\n190 g de chocolate MADE WITH LOVE.\r\n\r\nElaborado con cacao sostenible y socialmente responsable (Cocoa Horitzons)\"><span class=\"Y2IQFc\" lang=\"es\">2 bars de love +10 Corazones de chocolate para poder celebrar d\u00edas especiales, como St Valent\u00ed o St Jordi o simplemente porqu\u00e9!\r\n\r\nFabricados\u00a0 artesanalmente, con chocolate Xocomon SIN SOJA NI HACIA ALERGEN\r\n\r\n190 g de chocolate MADE WITH LOVE.\r\n\r\nElaborado con cacao sostenible y socialmente responsable (Cocoa Horitzons)<\/span><\/pre>\n","protected":false},"excerpt":{"rendered":"<pre id=\"tw-target-text\" class=\"tw-data-text tw-text-large tw-ta\" dir=\"ltr\" data-placeholder=\"Traducci\u00f3n\" data-ved=\"2ahUKEwjTlMOdwKeLAxVZR_EDHVHKDrsQ3ewLegQIBxAV\" aria-label=\"Texto traducido: 2 LOVE flat tablet 7.5cm*7.5cm and 10 chocomon chocolate hearts dark chocolate\r\n\r\nINGREDIENTS: Cocoa paste, sugar, cocoa butter, emulsifier: lecithin, natural vanilla flavor.\r\n\r\nVegan and vegetarian dark chocolate.\r\n\r\nWITHOUT TRACES OF DRIED FRUITS, MILK, EGG, GLUTEN, PEANUTS and SOY.\"><span class=\"Y2IQFc\" lang=\"en\">2 LOVE flat tablet 7.5cm*7.5cm and 10 chocomon chocolate hearts dark chocolate\r\n\r\nINGREDIENTS: Cocoa paste, sugar, cocoa butter, emulsifier: lecithin, natural vanilla flavor.\r\n\r\nVegan and vegetarian dark chocolate.\r\n\r\nWITHOUT TRACES OF DRIED FRUITS, MILK, EGG, GLUTEN, PEANUTS and SOY.<\/span><\/pre>\n","protected":false},"featured_media":23575,"comment_status":"open","ping_status":"closed","template":"","meta":[],"product_brand":[],"product_cat":[1565,210,217],"product_tag":[],"class_list":{"0":"post-23573","1":"product","2":"type-product","3":"status-publish","4":"has-post-thumbnail","6":"product_cat-love-chocolate","7":"product_cat-chocolate","8":"product_cat-black-chocolate-en","9":"tm-has-options","11":"first","12":"instock","13":"taxable","14":"shipping-taxable","15":"purchasable","16":"product-type-simple"},"yoast_head":"<!-- This site is optimized with the Yoast SEO plugin v26.7 - https:\/\/yoast.com\/wordpress\/plugins\/seo\/ -->\n<title>BEAR of love dark chocolate 190g - Xocomon<\/title>\n<meta name=\"description\" content=\"Hearts Dark chocolate 100gr, INGREDIENTS: Cocoa paste, sugar, cocoa butter, emulsifier: lecithin, natural vanilla aroma.\u00a0xocomon\" \/>\n<meta name=\"robots\" content=\"index, follow, max-snippet:-1, max-image-preview:large, max-video-preview:-1\" \/>\n<link rel=\"canonical\" href=\"https:\/\/xocomon.com\/en\/product\/hearts-dark-chocolate-100gr-copia\/\" \/>\n<meta property=\"og:locale\" content=\"en_US\" \/>\n<meta property=\"og:type\" content=\"article\" \/>\n<meta property=\"og:title\" content=\"BEAR of love dark chocolate 190g - Xocomon\" \/>\n<meta property=\"og:description\" content=\"Hearts Dark chocolate 100gr, INGREDIENTS: Cocoa paste, sugar, cocoa butter, emulsifier: lecithin, natural vanilla aroma.\u00a0xocomon\" \/>\n<meta property=\"og:url\" content=\"https:\/\/xocomon.com\/en\/product\/hearts-dark-chocolate-100gr-copia\/\" \/>\n<meta property=\"og:site_name\" content=\"Xocomon\" \/>\n<meta property=\"article:publisher\" content=\"https:\/\/www.facebook.com\/xocomon\/\" \/>\n<meta property=\"article:modified_time\" content=\"2026-04-14T06:18:58+00:00\" \/>\n<meta property=\"og:image\" content=\"https:\/\/xocomon.com\/wp-content\/uploads\/2025\/02\/Diseno-sin-titulo-29.jpg\" \/>\n\t<meta property=\"og:image:width\" content=\"1080\" \/>\n\t<meta property=\"og:image:height\" content=\"1080\" \/>\n\t<meta property=\"og:image:type\" content=\"image\/jpeg\" \/>\n<meta name=\"twitter:card\" content=\"summary_large_image\" \/>\n<meta name=\"twitter:label1\" content=\"Est. reading time\" \/>\n\t<meta name=\"twitter:data1\" content=\"1 minute\" \/>\n<script type=\"application\/ld+json\" class=\"yoast-schema-graph\">{\"@context\":\"https:\/\/schema.org\",\"@graph\":[{\"@type\":\"WebPage\",\"@id\":\"https:\/\/xocomon.com\/en\/product\/hearts-dark-chocolate-100gr-copia\/\",\"url\":\"https:\/\/xocomon.com\/en\/product\/hearts-dark-chocolate-100gr-copia\/\",\"name\":\"BEAR of love dark chocolate 190g - Xocomon\",\"isPartOf\":{\"@id\":\"https:\/\/xocomon.com\/#website\"},\"primaryImageOfPage\":{\"@id\":\"https:\/\/xocomon.com\/en\/product\/hearts-dark-chocolate-100gr-copia\/#primaryimage\"},\"image\":{\"@id\":\"https:\/\/xocomon.com\/en\/product\/hearts-dark-chocolate-100gr-copia\/#primaryimage\"},\"thumbnailUrl\":\"https:\/\/xocomon.com\/wp-content\/uploads\/2025\/02\/Diseno-sin-titulo-29.jpg\",\"datePublished\":\"2025-02-03T11:32:48+00:00\",\"dateModified\":\"2026-04-14T06:18:58+00:00\",\"description\":\"Hearts Dark chocolate 100gr, INGREDIENTS: Cocoa paste, sugar, cocoa butter, emulsifier: lecithin, natural vanilla aroma.\u00a0xocomon\",\"breadcrumb\":{\"@id\":\"https:\/\/xocomon.com\/en\/product\/hearts-dark-chocolate-100gr-copia\/#breadcrumb\"},\"inLanguage\":\"en-US\",\"potentialAction\":[{\"@type\":\"ReadAction\",\"target\":[\"https:\/\/xocomon.com\/en\/product\/hearts-dark-chocolate-100gr-copia\/\"]}]},{\"@type\":\"ImageObject\",\"inLanguage\":\"en-US\",\"@id\":\"https:\/\/xocomon.com\/en\/product\/hearts-dark-chocolate-100gr-copia\/#primaryimage\",\"url\":\"https:\/\/xocomon.com\/wp-content\/uploads\/2025\/02\/Diseno-sin-titulo-29.jpg\",\"contentUrl\":\"https:\/\/xocomon.com\/wp-content\/uploads\/2025\/02\/Diseno-sin-titulo-29.jpg\",\"width\":1080,\"height\":1080},{\"@type\":\"BreadcrumbList\",\"@id\":\"https:\/\/xocomon.com\/en\/product\/hearts-dark-chocolate-100gr-copia\/#breadcrumb\",\"itemListElement\":[{\"@type\":\"ListItem\",\"position\":1,\"name\":\"Portada\",\"item\":\"https:\/\/xocomon.com\/es\/\"},{\"@type\":\"ListItem\",\"position\":2,\"name\":\"Shop\",\"item\":\"https:\/\/xocomon.com\/en\/shop\/\"},{\"@type\":\"ListItem\",\"position\":3,\"name\":\"BEAR of love dark chocolate 190g\"}]},{\"@type\":\"WebSite\",\"@id\":\"https:\/\/xocomon.com\/#website\",\"url\":\"https:\/\/xocomon.com\/\",\"name\":\"Xocomon\",\"description\":\"\",\"potentialAction\":[{\"@type\":\"SearchAction\",\"target\":{\"@type\":\"EntryPoint\",\"urlTemplate\":\"https:\/\/xocomon.com\/?s={search_term_string}\"},\"query-input\":{\"@type\":\"PropertyValueSpecification\",\"valueRequired\":true,\"valueName\":\"search_term_string\"}}],\"inLanguage\":\"en-US\"}]}<\/script>\n<!-- \/ Yoast SEO plugin. -->","yoast_head_json":{"title":"BEAR of love dark chocolate 190g - Xocomon","description":"Hearts Dark chocolate 100gr, INGREDIENTS: Cocoa paste, sugar, cocoa butter, emulsifier: lecithin, natural vanilla aroma.\u00a0xocomon","robots":{"index":"index","follow":"follow","max-snippet":"max-snippet:-1","max-image-preview":"max-image-preview:large","max-video-preview":"max-video-preview:-1"},"canonical":"https:\/\/xocomon.com\/en\/product\/hearts-dark-chocolate-100gr-copia\/","og_locale":"en_US","og_type":"article","og_title":"BEAR of love dark chocolate 190g - Xocomon","og_description":"Hearts Dark chocolate 100gr, INGREDIENTS: Cocoa paste, sugar, cocoa butter, emulsifier: lecithin, natural vanilla aroma.\u00a0xocomon","og_url":"https:\/\/xocomon.com\/en\/product\/hearts-dark-chocolate-100gr-copia\/","og_site_name":"Xocomon","article_publisher":"https:\/\/www.facebook.com\/xocomon\/","article_modified_time":"2026-04-14T06:18:58+00:00","og_image":[{"width":1080,"height":1080,"url":"https:\/\/xocomon.com\/wp-content\/uploads\/2025\/02\/Diseno-sin-titulo-29.jpg","type":"image\/jpeg"}],"twitter_card":"summary_large_image","twitter_misc":{"Est. reading time":"1 minute"},"schema":{"@context":"https:\/\/schema.org","@graph":[{"@type":"WebPage","@id":"https:\/\/xocomon.com\/en\/product\/hearts-dark-chocolate-100gr-copia\/","url":"https:\/\/xocomon.com\/en\/product\/hearts-dark-chocolate-100gr-copia\/","name":"BEAR of love dark chocolate 190g - Xocomon","isPartOf":{"@id":"https:\/\/xocomon.com\/#website"},"primaryImageOfPage":{"@id":"https:\/\/xocomon.com\/en\/product\/hearts-dark-chocolate-100gr-copia\/#primaryimage"},"image":{"@id":"https:\/\/xocomon.com\/en\/product\/hearts-dark-chocolate-100gr-copia\/#primaryimage"},"thumbnailUrl":"https:\/\/xocomon.com\/wp-content\/uploads\/2025\/02\/Diseno-sin-titulo-29.jpg","datePublished":"2025-02-03T11:32:48+00:00","dateModified":"2026-04-14T06:18:58+00:00","description":"Hearts Dark chocolate 100gr, INGREDIENTS: Cocoa paste, sugar, cocoa butter, emulsifier: lecithin, natural vanilla aroma.\u00a0xocomon","breadcrumb":{"@id":"https:\/\/xocomon.com\/en\/product\/hearts-dark-chocolate-100gr-copia\/#breadcrumb"},"inLanguage":"en-US","potentialAction":[{"@type":"ReadAction","target":["https:\/\/xocomon.com\/en\/product\/hearts-dark-chocolate-100gr-copia\/"]}]},{"@type":"ImageObject","inLanguage":"en-US","@id":"https:\/\/xocomon.com\/en\/product\/hearts-dark-chocolate-100gr-copia\/#primaryimage","url":"https:\/\/xocomon.com\/wp-content\/uploads\/2025\/02\/Diseno-sin-titulo-29.jpg","contentUrl":"https:\/\/xocomon.com\/wp-content\/uploads\/2025\/02\/Diseno-sin-titulo-29.jpg","width":1080,"height":1080},{"@type":"BreadcrumbList","@id":"https:\/\/xocomon.com\/en\/product\/hearts-dark-chocolate-100gr-copia\/#breadcrumb","itemListElement":[{"@type":"ListItem","position":1,"name":"Portada","item":"https:\/\/xocomon.com\/es\/"},{"@type":"ListItem","position":2,"name":"Shop","item":"https:\/\/xocomon.com\/en\/shop\/"},{"@type":"ListItem","position":3,"name":"BEAR of love dark chocolate 190g"}]},{"@type":"WebSite","@id":"https:\/\/xocomon.com\/#website","url":"https:\/\/xocomon.com\/","name":"Xocomon","description":"","potentialAction":[{"@type":"SearchAction","target":{"@type":"EntryPoint","urlTemplate":"https:\/\/xocomon.com\/?s={search_term_string}"},"query-input":{"@type":"PropertyValueSpecification","valueRequired":true,"valueName":"search_term_string"}}],"inLanguage":"en-US"}]}},"tiered_pricing_type":"fixed","tiered_pricing_fixed_rules":[],"tiered_pricing_product_settings":{"layout":"default","base_unit_name":{"singular":null,"plural":null},"default_variation":null},"tiered_pricing_minimum_quantity":null,"tiered_pricing_roles_data":[],"tiered_pricing_percentage_rules":[],"_links":{"self":[{"href":"https:\/\/xocomon.com\/en\/wp-json\/wp\/v2\/product\/23573","targetHints":{"allow":["GET"]}}],"collection":[{"href":"https:\/\/xocomon.com\/en\/wp-json\/wp\/v2\/product"}],"about":[{"href":"https:\/\/xocomon.com\/en\/wp-json\/wp\/v2\/types\/product"}],"replies":[{"embeddable":true,"href":"https:\/\/xocomon.com\/en\/wp-json\/wp\/v2\/comments?post=23573"}],"wp:featuredmedia":[{"embeddable":true,"href":"https:\/\/xocomon.com\/en\/wp-json\/wp\/v2\/media\/23575"}],"wp:attachment":[{"href":"https:\/\/xocomon.com\/en\/wp-json\/wp\/v2\/media?parent=23573"}],"wp:term":[{"taxonomy":"product_brand","embeddable":true,"href":"https:\/\/xocomon.com\/en\/wp-json\/wp\/v2\/product_brand?post=23573"},{"taxonomy":"product_cat","embeddable":true,"href":"https:\/\/xocomon.com\/en\/wp-json\/wp\/v2\/product_cat?post=23573"},{"taxonomy":"product_tag","embeddable":true,"href":"https:\/\/xocomon.com\/en\/wp-json\/wp\/v2\/product_tag?post=23573"}],"curies":[{"name":"wp","href":"https:\/\/api.w.org\/{rel}","templated":true}]}}