{"id":10730,"date":"2020-03-06T12:28:15","date_gmt":"2020-03-06T11:28:15","guid":{"rendered":"https:\/\/xocomon.com\/product\/piruleta-xocolata-negra\/"},"modified":"2026-04-11T12:22:17","modified_gmt":"2026-04-11T11:22:17","slug":"lollipop-dark-chocolate-65-cacao","status":"publish","type":"product","link":"https:\/\/xocomon.com\/en\/product\/lollipop-dark-chocolate-65-cacao\/","title":{"rendered":"Lollipop Dark chocolate 65% cacao"},"content":{"rendered":"<p><strong>Dark chocolate <\/strong>bar for special for NUT allergic, <strong>vegan<\/strong> or <strong>vegeterians<\/strong>, <strong>GLUTEN FREE, NUT FREE\u00a0<\/strong><\/p>\n<p>This chocolate comes from a <strong>factory NUT free<\/strong>. Our chocolaters makers transform it into a tablet without adding any product. This is how it is certified, safe and with the highest quality and flavor.\u00a0<strong>FOR THE WHOLE FAMILY,<\/strong> with a well-balanced bitter cocoa flavor (65% cocoa), produced in an <strong>HANDMADE <\/strong>by our expert chocolate makers, our molds are special and only our chocolate is made, we have a safe workshop free of traces.<\/p>\n<p><span data-sheets-value=\"{&quot;1&quot;:2,&quot;2&quot;:&quot;Est\u00e0 fabricat amb el nostre xocolata belga, bon\u00edssim, pensat PER A TOTA LA FAM\u00cdLIA, amb un gust de cacau amarg ben equilibrat (55% de cacau) i el millor \u00e9s que NO CONT\u00c9: prote\u00efnes de llet, lactosa, ous ni derivats, tram\u00fas, gluten , blat, cent\u00e8, blat de moro, avellanes, ametlles, oli d'avellana o d'ametlla, cacauets, oli de cacauet, nous, pacanes, anacards, pistatxos, castanyes de Par\u00e1 (o nous del Brasil), nous de macad\u00e0mia, castanyes, mostassa, sulfits, mel, Glutamat E620-&gt; E625, sulfits E220-&gt; E227, \u00c0cid benzoic E210-&gt; E213, Parabens E214-&gt; E219, tartrazina E102, Groc taronja E110, azorrubina E122, Amaranto E123, Vermell I124 i E129, blau E131, indigotina E132, Licop\u00e8 E160B-D, tragacant E413, \u00c0cid s\u00f2rbic E200-&gt; E203, BHA \/ BHT E320 \/ 321. NI TRACES\\nProdu\u00efts un a un ARTESANALMENT per la nostra experta xocolatera, en motlles especials on nom\u00e9s es fabrica la nostra xocolata i en un obrador segur.\\nMoltes gr\u00e0cies per comprar Xocomon.\\nTenim a la seva disposici\u00f3 les fitxes t\u00e8cniques de tots els nostres productes i les an\u00e0lisis de les xocolates empleats\\n&quot;}\" data-sheets-userformat=\"{&quot;2&quot;:899,&quot;3&quot;:{&quot;1&quot;:0},&quot;4&quot;:{&quot;1&quot;:2,&quot;2&quot;:16770457},&quot;10&quot;:0,&quot;11&quot;:4,&quot;12&quot;:0}\">\u00a0<\/span><\/p>\n","protected":false},"excerpt":{"rendered":"<p>lollipop of Xocomon dark chocolate bar, ideal for NUT allergic, vegan or vegetarian, gluten free and nut free.<\/p>\n<p>INGREDIENTS: Cocoa paste, sugar, cocoa butter.<\/p>\n<p><strong>Dark chocolate GLUTEN FREE, EGGS FREE, NUT FREE, PEANUT FREE, DAIRY FREE, LACTOSE FREE, PALM OIL FREE.<\/strong><\/p>\n<p><strong>Vegan chocolate and vegetarian chocolate\u00a0<\/strong><\/p>\n<p>Made with <strong>susteinable and socially responsible cocoa<\/strong> (Cocoa Horitzons)<\/p>\n<p><span data-sheets-value=\"{&quot;1&quot;:2,&quot;2&quot;:&quot;PIRULETA DE XOCOLATA NEGRA XOCOMON Ingredients: Pasta de cacau, sucre, mantega de cacau, emulgent: lecitina de soja, aroma natural de vainilla.\\nNO CONT\u00c9 fruits secs, cacahuet, llet, ou ni gluten, ni traces de tots ells.CONT\u00c9 SOJA\\nUna piruleta de xocolata es un luxe dels bons i si a m\u00e8s a m\u00e8s la pot menjar tothom \u00e9s fant\u00e0stic. L'hem fabricada perqu\u00e8 era una demanda vostra desde sempre. Aix\u00ed que les vostres peticions son ordes per nosaltres i aqui est\u00e0! Per a tots i per uns berenars de luxe inoblidables. Ens encanta la xocolata Xocomon i fer-vos feli\u00e7os.\\nson de 30 gr, ben equilibrades i amb un pal molt llarg. Esperem que us agradin molt. \\nEspecial per a festes d'aniversari.\\n&quot;}\" data-sheets-userformat=\"{&quot;2&quot;:899,&quot;3&quot;:{&quot;1&quot;:0},&quot;4&quot;:{&quot;1&quot;:2,&quot;2&quot;:16770457},&quot;10&quot;:0,&quot;11&quot;:4,&quot;12&quot;:0}\" data-sheets-textstyleruns=\"{&quot;1&quot;:0}\uee10{&quot;1&quot;:100,&quot;2&quot;:{&quot;2&quot;:{&quot;1&quot;:2,&quot;2&quot;:16711680}}}\uee10{&quot;1&quot;:115}\uee10{&quot;1&quot;:225,&quot;2&quot;:{&quot;2&quot;:{&quot;1&quot;:2,&quot;2&quot;:16711680}}}\uee10{&quot;1&quot;:229}\">\u00a0<\/span><\/p>\n","protected":false},"featured_media":10732,"comment_status":"open","ping_status":"closed","template":"","meta":[],"product_brand":[],"product_cat":[210,217,221,223],"product_tag":[2530],"class_list":{"0":"post-10730","1":"product","2":"type-product","3":"status-publish","4":"has-post-thumbnail","6":"product_cat-chocolate","7":"product_cat-black-chocolate-en","8":"product_cat-parties","9":"product_cat-black-chocolate-parties","10":"product_tag-lollipop-dark-chocolate-65-cacao","11":"tm-has-options","13":"first","14":"instock","15":"taxable","16":"shipping-taxable","17":"purchasable","18":"product-type-simple"},"yoast_head":"<!-- This site is optimized with the Yoast SEO plugin v26.7 - https:\/\/yoast.com\/wordpress\/plugins\/seo\/ -->\n<title>Lollipop Dark chocolate 65% cacao - Xocomon<\/title>\n<meta name=\"description\" content=\"Lollipop Dark chocolate 65% cacao\" \/>\n<meta name=\"robots\" content=\"index, follow, max-snippet:-1, max-image-preview:large, max-video-preview:-1\" \/>\n<link rel=\"canonical\" href=\"https:\/\/xocomon.com\/en\/product\/lollipop-dark-chocolate-65-cacao\/\" \/>\n<meta property=\"og:locale\" content=\"en_US\" \/>\n<meta property=\"og:type\" content=\"article\" \/>\n<meta property=\"og:title\" content=\"Lollipop Dark chocolate 65% cacao - Xocomon\" \/>\n<meta property=\"og:description\" content=\"Lollipop Dark chocolate 65% cacao\" \/>\n<meta property=\"og:url\" content=\"https:\/\/xocomon.com\/en\/product\/lollipop-dark-chocolate-65-cacao\/\" \/>\n<meta property=\"og:site_name\" content=\"Xocomon\" \/>\n<meta property=\"article:publisher\" content=\"https:\/\/www.facebook.com\/xocomon\/\" \/>\n<meta property=\"article:modified_time\" content=\"2026-04-11T11:22:17+00:00\" \/>\n<meta property=\"og:image\" content=\"https:\/\/xocomon.com\/wp-content\/uploads\/2020\/11\/XOCOMON-32-min.jpg\" \/>\n\t<meta property=\"og:image:width\" content=\"1000\" \/>\n\t<meta property=\"og:image:height\" content=\"858\" \/>\n\t<meta property=\"og:image:type\" content=\"image\/jpeg\" \/>\n<meta name=\"twitter:card\" content=\"summary_large_image\" \/>\n<meta name=\"twitter:label1\" content=\"Est. reading time\" \/>\n\t<meta name=\"twitter:data1\" content=\"2 minutes\" \/>\n<script type=\"application\/ld+json\" class=\"yoast-schema-graph\">{\"@context\":\"https:\/\/schema.org\",\"@graph\":[{\"@type\":\"WebPage\",\"@id\":\"https:\/\/xocomon.com\/en\/product\/lollipop-dark-chocolate-65-cacao\/\",\"url\":\"https:\/\/xocomon.com\/en\/product\/lollipop-dark-chocolate-65-cacao\/\",\"name\":\"Lollipop Dark chocolate 65% cacao - Xocomon\",\"isPartOf\":{\"@id\":\"https:\/\/xocomon.com\/#website\"},\"primaryImageOfPage\":{\"@id\":\"https:\/\/xocomon.com\/en\/product\/lollipop-dark-chocolate-65-cacao\/#primaryimage\"},\"image\":{\"@id\":\"https:\/\/xocomon.com\/en\/product\/lollipop-dark-chocolate-65-cacao\/#primaryimage\"},\"thumbnailUrl\":\"https:\/\/xocomon.com\/wp-content\/uploads\/2020\/11\/XOCOMON-32-min.jpg\",\"datePublished\":\"2020-03-06T11:28:15+00:00\",\"dateModified\":\"2026-04-11T11:22:17+00:00\",\"description\":\"Lollipop Dark chocolate 65% cacao\",\"breadcrumb\":{\"@id\":\"https:\/\/xocomon.com\/en\/product\/lollipop-dark-chocolate-65-cacao\/#breadcrumb\"},\"inLanguage\":\"en-US\",\"potentialAction\":[{\"@type\":\"ReadAction\",\"target\":[\"https:\/\/xocomon.com\/en\/product\/lollipop-dark-chocolate-65-cacao\/\"]}]},{\"@type\":\"ImageObject\",\"inLanguage\":\"en-US\",\"@id\":\"https:\/\/xocomon.com\/en\/product\/lollipop-dark-chocolate-65-cacao\/#primaryimage\",\"url\":\"https:\/\/xocomon.com\/wp-content\/uploads\/2020\/11\/XOCOMON-32-min.jpg\",\"contentUrl\":\"https:\/\/xocomon.com\/wp-content\/uploads\/2020\/11\/XOCOMON-32-min.jpg\",\"width\":1000,\"height\":858,\"caption\":\"PIRULETA XOCOLATA NEGRA\"},{\"@type\":\"BreadcrumbList\",\"@id\":\"https:\/\/xocomon.com\/en\/product\/lollipop-dark-chocolate-65-cacao\/#breadcrumb\",\"itemListElement\":[{\"@type\":\"ListItem\",\"position\":1,\"name\":\"Portada\",\"item\":\"https:\/\/xocomon.com\/es\/\"},{\"@type\":\"ListItem\",\"position\":2,\"name\":\"Shop\",\"item\":\"https:\/\/xocomon.com\/en\/shop\/\"},{\"@type\":\"ListItem\",\"position\":3,\"name\":\"Lollipop Dark chocolate 65% cacao\"}]},{\"@type\":\"WebSite\",\"@id\":\"https:\/\/xocomon.com\/#website\",\"url\":\"https:\/\/xocomon.com\/\",\"name\":\"Xocomon\",\"description\":\"\",\"potentialAction\":[{\"@type\":\"SearchAction\",\"target\":{\"@type\":\"EntryPoint\",\"urlTemplate\":\"https:\/\/xocomon.com\/?s={search_term_string}\"},\"query-input\":{\"@type\":\"PropertyValueSpecification\",\"valueRequired\":true,\"valueName\":\"search_term_string\"}}],\"inLanguage\":\"en-US\"}]}<\/script>\n<!-- \/ Yoast SEO plugin. -->","yoast_head_json":{"title":"Lollipop Dark chocolate 65% cacao - Xocomon","description":"Lollipop Dark chocolate 65% cacao","robots":{"index":"index","follow":"follow","max-snippet":"max-snippet:-1","max-image-preview":"max-image-preview:large","max-video-preview":"max-video-preview:-1"},"canonical":"https:\/\/xocomon.com\/en\/product\/lollipop-dark-chocolate-65-cacao\/","og_locale":"en_US","og_type":"article","og_title":"Lollipop Dark chocolate 65% cacao - Xocomon","og_description":"Lollipop Dark chocolate 65% cacao","og_url":"https:\/\/xocomon.com\/en\/product\/lollipop-dark-chocolate-65-cacao\/","og_site_name":"Xocomon","article_publisher":"https:\/\/www.facebook.com\/xocomon\/","article_modified_time":"2026-04-11T11:22:17+00:00","og_image":[{"width":1000,"height":858,"url":"https:\/\/xocomon.com\/wp-content\/uploads\/2020\/11\/XOCOMON-32-min.jpg","type":"image\/jpeg"}],"twitter_card":"summary_large_image","twitter_misc":{"Est. reading time":"2 minutes"},"schema":{"@context":"https:\/\/schema.org","@graph":[{"@type":"WebPage","@id":"https:\/\/xocomon.com\/en\/product\/lollipop-dark-chocolate-65-cacao\/","url":"https:\/\/xocomon.com\/en\/product\/lollipop-dark-chocolate-65-cacao\/","name":"Lollipop Dark chocolate 65% cacao - Xocomon","isPartOf":{"@id":"https:\/\/xocomon.com\/#website"},"primaryImageOfPage":{"@id":"https:\/\/xocomon.com\/en\/product\/lollipop-dark-chocolate-65-cacao\/#primaryimage"},"image":{"@id":"https:\/\/xocomon.com\/en\/product\/lollipop-dark-chocolate-65-cacao\/#primaryimage"},"thumbnailUrl":"https:\/\/xocomon.com\/wp-content\/uploads\/2020\/11\/XOCOMON-32-min.jpg","datePublished":"2020-03-06T11:28:15+00:00","dateModified":"2026-04-11T11:22:17+00:00","description":"Lollipop Dark chocolate 65% cacao","breadcrumb":{"@id":"https:\/\/xocomon.com\/en\/product\/lollipop-dark-chocolate-65-cacao\/#breadcrumb"},"inLanguage":"en-US","potentialAction":[{"@type":"ReadAction","target":["https:\/\/xocomon.com\/en\/product\/lollipop-dark-chocolate-65-cacao\/"]}]},{"@type":"ImageObject","inLanguage":"en-US","@id":"https:\/\/xocomon.com\/en\/product\/lollipop-dark-chocolate-65-cacao\/#primaryimage","url":"https:\/\/xocomon.com\/wp-content\/uploads\/2020\/11\/XOCOMON-32-min.jpg","contentUrl":"https:\/\/xocomon.com\/wp-content\/uploads\/2020\/11\/XOCOMON-32-min.jpg","width":1000,"height":858,"caption":"PIRULETA XOCOLATA NEGRA"},{"@type":"BreadcrumbList","@id":"https:\/\/xocomon.com\/en\/product\/lollipop-dark-chocolate-65-cacao\/#breadcrumb","itemListElement":[{"@type":"ListItem","position":1,"name":"Portada","item":"https:\/\/xocomon.com\/es\/"},{"@type":"ListItem","position":2,"name":"Shop","item":"https:\/\/xocomon.com\/en\/shop\/"},{"@type":"ListItem","position":3,"name":"Lollipop Dark chocolate 65% cacao"}]},{"@type":"WebSite","@id":"https:\/\/xocomon.com\/#website","url":"https:\/\/xocomon.com\/","name":"Xocomon","description":"","potentialAction":[{"@type":"SearchAction","target":{"@type":"EntryPoint","urlTemplate":"https:\/\/xocomon.com\/?s={search_term_string}"},"query-input":{"@type":"PropertyValueSpecification","valueRequired":true,"valueName":"search_term_string"}}],"inLanguage":"en-US"}]}},"tiered_pricing_type":"fixed","tiered_pricing_fixed_rules":{"10":1.6,"30":1.51},"tiered_pricing_product_settings":{"layout":"default","base_unit_name":{"singular":null,"plural":null},"default_variation":null},"tiered_pricing_minimum_quantity":null,"tiered_pricing_roles_data":[],"tiered_pricing_percentage_rules":[],"_links":{"self":[{"href":"https:\/\/xocomon.com\/en\/wp-json\/wp\/v2\/product\/10730","targetHints":{"allow":["GET"]}}],"collection":[{"href":"https:\/\/xocomon.com\/en\/wp-json\/wp\/v2\/product"}],"about":[{"href":"https:\/\/xocomon.com\/en\/wp-json\/wp\/v2\/types\/product"}],"replies":[{"embeddable":true,"href":"https:\/\/xocomon.com\/en\/wp-json\/wp\/v2\/comments?post=10730"}],"wp:featuredmedia":[{"embeddable":true,"href":"https:\/\/xocomon.com\/en\/wp-json\/wp\/v2\/media\/10732"}],"wp:attachment":[{"href":"https:\/\/xocomon.com\/en\/wp-json\/wp\/v2\/media?parent=10730"}],"wp:term":[{"taxonomy":"product_brand","embeddable":true,"href":"https:\/\/xocomon.com\/en\/wp-json\/wp\/v2\/product_brand?post=10730"},{"taxonomy":"product_cat","embeddable":true,"href":"https:\/\/xocomon.com\/en\/wp-json\/wp\/v2\/product_cat?post=10730"},{"taxonomy":"product_tag","embeddable":true,"href":"https:\/\/xocomon.com\/en\/wp-json\/wp\/v2\/product_tag?post=10730"}],"curies":[{"name":"wp","href":"https:\/\/api.w.org\/{rel}","templated":true}]}}